{"id":33804,"date":"2022-02-11T12:59:59","date_gmt":"2022-02-11T09:59:59","guid":{"rendered":"https:\/\/cngoto.com.tr\/?page_id=33804"},"modified":"2022-02-11T14:12:32","modified_gmt":"2022-02-11T11:12:32","slug":"1856472-corner-shutter-inner-plastic-sag-scania","status":"publish","type":"page","link":"https:\/\/cngoto.com.tr\/en\/1856472-corner-shutter-inner-plastic-sag-scania\/","title":{"rendered":"1856472 CORNER LOUVER INNER PLASTIC RIGHT SCANIA"},"content":{"rendered":"<div class=\"wpb-content-wrapper\"><div class=\"vc_row wpb_row vc_row-fluid\"><div class=\"wpb_column vc_column_container vc_col-sm-4\"><div class=\"vc_column-inner\"><div class=\"wpb_wrapper\">\n\t<div  class=\"wpb_single_image wpb_content_element vc_align_left\">\n\t\t\n\t\t<figure class=\"wpb_wrapper vc_figure\">\n\t\t\t<a class=\"\" data-lightbox=\"lightbox[rel-33804-705213934]\" href=\"https:\/\/cngoto.com.tr\/wp-content\/uploads\/2022\/01\/1856472-1050x867.jpg\" target=\"_self\"><img loading=\"lazy\" decoding=\"async\" width=\"1050\" height=\"1050\" src=\"https:\/\/cngoto.com.tr\/wp-content\/uploads\/2022\/01\/1856472.jpg\" class=\"vc_single_image-img attachment-full\" alt=\"1856472 CORNER LOUVER INNER PLASTIC RIGHT SCANIA\" title=\"1856472 CORNER LOUVER INNER PLASTIC RIGHT SCANIA\" srcset=\"https:\/\/cngoto.com.tr\/wp-content\/uploads\/2022\/01\/1856472.jpg 1050w, https:\/\/cngoto.com.tr\/wp-content\/uploads\/2022\/01\/1856472-430x430.jpg 430w, https:\/\/cngoto.com.tr\/wp-content\/uploads\/2022\/01\/1856472-150x150.jpg 150w, https:\/\/cngoto.com.tr\/wp-content\/uploads\/2022\/01\/1856472-700x700.jpg 700w, https:\/\/cngoto.com.tr\/wp-content\/uploads\/2022\/01\/1856472-768x768.jpg 768w, https:\/\/cngoto.com.tr\/wp-content\/uploads\/2022\/01\/1856472-720x720.jpg 720w, https:\/\/cngoto.com.tr\/wp-content\/uploads\/2022\/01\/1856472-200x200.jpg 200w\" sizes=\"auto, (max-width: 1050px) 100vw, 1050px\" \/><\/a>\n\t\t<\/figure>\n\t<\/div>\n<\/div><\/div><\/div><div class=\"wpb_column vc_column_container vc_col-sm-8\"><div class=\"vc_column-inner\"><div class=\"wpb_wrapper\">\n\t<div class=\"wpb_text_column wpb_content_element\" >\n\t\t<div class=\"wpb_wrapper\">\n\t\t\t<div class=\"responsive_table_container\">\n<p>&nbsp;<\/p>\n<table class=\"fortuna_table\" style=\"height: 90px;\" width=\"432\">\n<tbody>\n<tr>\n<th>CNG NO<\/th>\n<th>CNG<\/th>\n<\/tr>\n<tr>\n<td><strong>OEM<\/strong><\/td>\n<td>1856472<\/td>\n<\/tr>\n<tr>\n<td><strong>DEFINITION<\/strong><\/td>\n<td>CORNER SHUTTER INTERIOR PLASTIC RIGHT<\/td>\n<\/tr>\n<tr>\n<td><strong>APPLICATION<\/strong><\/td>\n<td>P&amp;R&amp;G&amp;T SERIES<\/td>\n<\/tr>\n<\/tbody>\n<\/table>\n<\/div>\n\n\t\t<\/div>\n\t<\/div>\n<\/div><\/div><\/div><\/div><div class=\"vc_row wpb_row vc_row-fluid\"><div class=\"wpb_column vc_column_container vc_col-sm-12\"><div class=\"vc_column-inner\"><div class=\"wpb_wrapper\">\n\t<div class=\"wpb_text_column wpb_content_element\" >\n\t\t<div class=\"wpb_wrapper\">\n\t\t\t\n\t\t<\/div>\n\t<\/div>\n<\/div><\/div><\/div><\/div>\n<\/div>","protected":false},"excerpt":{"rendered":"&nbsp; CNG NO CNG OEM 1856472 TANIM K\u00d6\u015eE PANJUR \u0130\u00c7 PLAST\u0130K SA\u011e UYGULAMA P&amp;R&amp;G&amp;T SERIES","protected":false},"author":1,"featured_media":33319,"parent":0,"menu_order":0,"comment_status":"closed","ping_status":"closed","template":"","meta":{"inline_featured_image":false,"_joinchat":[],"footnotes":""},"categories":[3088],"tags":[4727,4725,4726,4724],"class_list":["post-33804","page","type-page","status-publish","has-post-thumbnail","hentry","category-scania-elektrik","tag-4727","tag-1855672-scania","tag-1856472-cng","tag-1856472-kose-panjur-ic-plastik-scania"],"_links":{"self":[{"href":"https:\/\/cngoto.com.tr\/en\/wp-json\/wp\/v2\/pages\/33804","targetHints":{"allow":["GET"]}}],"collection":[{"href":"https:\/\/cngoto.com.tr\/en\/wp-json\/wp\/v2\/pages"}],"about":[{"href":"https:\/\/cngoto.com.tr\/en\/wp-json\/wp\/v2\/types\/page"}],"author":[{"embeddable":true,"href":"https:\/\/cngoto.com.tr\/en\/wp-json\/wp\/v2\/users\/1"}],"replies":[{"embeddable":true,"href":"https:\/\/cngoto.com.tr\/en\/wp-json\/wp\/v2\/comments?post=33804"}],"version-history":[{"count":3,"href":"https:\/\/cngoto.com.tr\/en\/wp-json\/wp\/v2\/pages\/33804\/revisions"}],"predecessor-version":[{"id":33821,"href":"https:\/\/cngoto.com.tr\/en\/wp-json\/wp\/v2\/pages\/33804\/revisions\/33821"}],"wp:featuredmedia":[{"embeddable":true,"href":"https:\/\/cngoto.com.tr\/en\/wp-json\/wp\/v2\/media\/33319"}],"wp:attachment":[{"href":"https:\/\/cngoto.com.tr\/en\/wp-json\/wp\/v2\/media?parent=33804"}],"wp:term":[{"taxonomy":"category","embeddable":true,"href":"https:\/\/cngoto.com.tr\/en\/wp-json\/wp\/v2\/categories?post=33804"},{"taxonomy":"post_tag","embeddable":true,"href":"https:\/\/cngoto.com.tr\/en\/wp-json\/wp\/v2\/tags?post=33804"}],"curies":[{"name":"wp","href":"https:\/\/api.w.org\/{rel}","templated":true}]}}