{"id":33797,"date":"2022-02-11T11:14:59","date_gmt":"2022-02-11T08:14:59","guid":{"rendered":"https:\/\/cngoto.com.tr\/?page_id=33797"},"modified":"2022-02-11T11:14:59","modified_gmt":"2022-02-11T08:14:59","slug":"1853749-mars-automatics-scania","status":"publish","type":"page","link":"https:\/\/cngoto.com.tr\/en\/1853749-mars-automatics-scania\/","title":{"rendered":"1853749 STARTER AUTOMATIC SCANIA"},"content":{"rendered":"<div class=\"wpb-content-wrapper\"><div class=\"vc_row wpb_row vc_row-fluid\"><div class=\"wpb_column vc_column_container vc_col-sm-4\"><div class=\"vc_column-inner\"><div class=\"wpb_wrapper\">\n\t<div  class=\"wpb_single_image wpb_content_element vc_align_left\">\n\t\t\n\t\t<figure class=\"wpb_wrapper vc_figure\">\n\t\t\t<a class=\"\" data-lightbox=\"lightbox[rel-33797-1303470965]\" href=\"https:\/\/cngoto.com.tr\/wp-content\/uploads\/2022\/01\/1853749-981x867.jpg\" target=\"_self\"><img loading=\"lazy\" decoding=\"async\" width=\"981\" height=\"981\" src=\"https:\/\/cngoto.com.tr\/wp-content\/uploads\/2022\/01\/1853749.jpg\" class=\"vc_single_image-img attachment-full\" alt=\"1853749 STARTER AUTOMATIC SCANIA\" title=\"1853749 STARTER AUTOMATIC SCANIA\" srcset=\"https:\/\/cngoto.com.tr\/wp-content\/uploads\/2022\/01\/1853749.jpg 981w, https:\/\/cngoto.com.tr\/wp-content\/uploads\/2022\/01\/1853749-430x430.jpg 430w, https:\/\/cngoto.com.tr\/wp-content\/uploads\/2022\/01\/1853749-150x150.jpg 150w, https:\/\/cngoto.com.tr\/wp-content\/uploads\/2022\/01\/1853749-700x700.jpg 700w, https:\/\/cngoto.com.tr\/wp-content\/uploads\/2022\/01\/1853749-768x768.jpg 768w, https:\/\/cngoto.com.tr\/wp-content\/uploads\/2022\/01\/1853749-720x720.jpg 720w, https:\/\/cngoto.com.tr\/wp-content\/uploads\/2022\/01\/1853749-200x200.jpg 200w\" sizes=\"auto, (max-width: 981px) 100vw, 981px\" \/><\/a>\n\t\t<\/figure>\n\t<\/div>\n<\/div><\/div><\/div><div class=\"wpb_column vc_column_container vc_col-sm-8\"><div class=\"vc_column-inner\"><div class=\"wpb_wrapper\">\n\t<div class=\"wpb_text_column wpb_content_element\" >\n\t\t<div class=\"wpb_wrapper\">\n\t\t\t<div class=\"responsive_table_container\">\n<p>&nbsp;<\/p>\n<table class=\"fortuna_table\" style=\"height: 90px;\" width=\"432\">\n<tbody>\n<tr>\n<th>CNG NO<\/th>\n<th>CNG<\/th>\n<\/tr>\n<tr>\n<td><strong>OEM<\/strong><\/td>\n<td>1853749<\/td>\n<\/tr>\n<tr>\n<td><strong>DEFINITION<\/strong><\/td>\n<td>START AUTOMATIC<\/td>\n<\/tr>\n<tr>\n<td><strong>APPLICATION<\/strong><\/td>\n<td>P&amp;R&amp;G&amp;T SERIES<\/td>\n<\/tr>\n<\/tbody>\n<\/table>\n<\/div>\n\n\t\t<\/div>\n\t<\/div>\n<\/div><\/div><\/div><\/div><div class=\"vc_row wpb_row vc_row-fluid\"><div class=\"wpb_column vc_column_container vc_col-sm-12\"><div class=\"vc_column-inner\"><div class=\"wpb_wrapper\">\n\t<div class=\"wpb_text_column wpb_content_element\" >\n\t\t<div class=\"wpb_wrapper\">\n\t\t\t\n\t\t<\/div>\n\t<\/div>\n<\/div><\/div><\/div><\/div>\n<\/div>","protected":false},"excerpt":{"rendered":"&nbsp; CNG NO CNG OEM 1853749 TANIM MAR\u015e OTOMAT\u0130\u011e\u0130 UYGULAMA P&amp;R&amp;G&amp;T SERIES","protected":false},"author":1,"featured_media":33298,"parent":0,"menu_order":0,"comment_status":"closed","ping_status":"closed","template":"","meta":{"inline_featured_image":false,"_joinchat":[],"footnotes":""},"categories":[3088],"tags":[4708,4707,4705,4706],"class_list":["post-33797","page","type-page","status-publish","has-post-thumbnail","hentry","category-scania-elektrik","tag-4708","tag-1853749-cng","tag-1853749-mars-otomatigi-scania","tag-1853749-scania"],"_links":{"self":[{"href":"https:\/\/cngoto.com.tr\/en\/wp-json\/wp\/v2\/pages\/33797","targetHints":{"allow":["GET"]}}],"collection":[{"href":"https:\/\/cngoto.com.tr\/en\/wp-json\/wp\/v2\/pages"}],"about":[{"href":"https:\/\/cngoto.com.tr\/en\/wp-json\/wp\/v2\/types\/page"}],"author":[{"embeddable":true,"href":"https:\/\/cngoto.com.tr\/en\/wp-json\/wp\/v2\/users\/1"}],"replies":[{"embeddable":true,"href":"https:\/\/cngoto.com.tr\/en\/wp-json\/wp\/v2\/comments?post=33797"}],"version-history":[{"count":1,"href":"https:\/\/cngoto.com.tr\/en\/wp-json\/wp\/v2\/pages\/33797\/revisions"}],"predecessor-version":[{"id":33813,"href":"https:\/\/cngoto.com.tr\/en\/wp-json\/wp\/v2\/pages\/33797\/revisions\/33813"}],"wp:featuredmedia":[{"embeddable":true,"href":"https:\/\/cngoto.com.tr\/en\/wp-json\/wp\/v2\/media\/33298"}],"wp:attachment":[{"href":"https:\/\/cngoto.com.tr\/en\/wp-json\/wp\/v2\/media?parent=33797"}],"wp:term":[{"taxonomy":"category","embeddable":true,"href":"https:\/\/cngoto.com.tr\/en\/wp-json\/wp\/v2\/categories?post=33797"},{"taxonomy":"post_tag","embeddable":true,"href":"https:\/\/cngoto.com.tr\/en\/wp-json\/wp\/v2\/tags?post=33797"}],"curies":[{"name":"wp","href":"https:\/\/api.w.org\/{rel}","templated":true}]}}