{"id":33699,"date":"2022-02-03T10:44:43","date_gmt":"2022-02-03T07:44:43","guid":{"rendered":"https:\/\/cngoto.com.tr\/?page_id=33699"},"modified":"2022-02-03T10:44:43","modified_gmt":"2022-02-03T07:44:43","slug":"1800470-shutter-lock-sag-scania","status":"publish","type":"page","link":"https:\/\/cngoto.com.tr\/en\/1800470-shutter-lock-sag-scania\/","title":{"rendered":"1800470 SHUTTER LOCK RIGHT SCANIA"},"content":{"rendered":"<div class=\"wpb-content-wrapper\"><div class=\"vc_row wpb_row vc_row-fluid\"><div class=\"wpb_column vc_column_container vc_col-sm-4\"><div class=\"vc_column-inner\"><div class=\"wpb_wrapper\">\n\t<div  class=\"wpb_single_image wpb_content_element vc_align_left\">\n\t\t\n\t\t<figure class=\"wpb_wrapper vc_figure\">\n\t\t\t<a class=\"\" data-lightbox=\"lightbox[rel-33699-3261762771]\" href=\"https:\/\/cngoto.com.tr\/wp-content\/uploads\/2022\/01\/1800470-1050x867.jpg\" target=\"_self\"><img loading=\"lazy\" decoding=\"async\" width=\"1050\" height=\"1050\" src=\"https:\/\/cngoto.com.tr\/wp-content\/uploads\/2022\/01\/1800470.jpg\" class=\"vc_single_image-img attachment-full\" alt=\"1800470 SHUTTER LOCK RIGHT SCANIA\" title=\"1800470 SHUTTER LOCK RIGHT SCANIA\" srcset=\"https:\/\/cngoto.com.tr\/wp-content\/uploads\/2022\/01\/1800470.jpg 1050w, https:\/\/cngoto.com.tr\/wp-content\/uploads\/2022\/01\/1800470-430x430.jpg 430w, https:\/\/cngoto.com.tr\/wp-content\/uploads\/2022\/01\/1800470-150x150.jpg 150w, https:\/\/cngoto.com.tr\/wp-content\/uploads\/2022\/01\/1800470-700x700.jpg 700w, https:\/\/cngoto.com.tr\/wp-content\/uploads\/2022\/01\/1800470-768x768.jpg 768w, https:\/\/cngoto.com.tr\/wp-content\/uploads\/2022\/01\/1800470-720x720.jpg 720w, https:\/\/cngoto.com.tr\/wp-content\/uploads\/2022\/01\/1800470-200x200.jpg 200w\" sizes=\"auto, (max-width: 1050px) 100vw, 1050px\" \/><\/a>\n\t\t<\/figure>\n\t<\/div>\n<\/div><\/div><\/div><div class=\"wpb_column vc_column_container vc_col-sm-8\"><div class=\"vc_column-inner\"><div class=\"wpb_wrapper\">\n\t<div class=\"wpb_text_column wpb_content_element\" >\n\t\t<div class=\"wpb_wrapper\">\n\t\t\t<div class=\"responsive_table_container\">\n<p>&nbsp;<\/p>\n<table class=\"fortuna_table\" style=\"height: 90px;\" width=\"432\">\n<tbody>\n<tr>\n<th>CNG NO<\/th>\n<th>CNG<\/th>\n<\/tr>\n<tr>\n<td><strong>OEM<\/strong><\/td>\n<td>1800470<\/td>\n<\/tr>\n<tr>\n<td><strong>DEFINITION<\/strong><\/td>\n<td>SHUTTER LOCK RIGHT<\/td>\n<\/tr>\n<tr>\n<td><strong>APPLICATION<\/strong><\/td>\n<td>P&amp;R&amp;G&amp;T SERIES<\/td>\n<\/tr>\n<\/tbody>\n<\/table>\n<\/div>\n\n\t\t<\/div>\n\t<\/div>\n<\/div><\/div><\/div><\/div><div class=\"vc_row wpb_row vc_row-fluid\"><div class=\"wpb_column vc_column_container vc_col-sm-12\"><div class=\"vc_column-inner\"><div class=\"wpb_wrapper\">\n\t<div class=\"wpb_text_column wpb_content_element\" >\n\t\t<div class=\"wpb_wrapper\">\n\t\t\t\n\t\t<\/div>\n\t<\/div>\n<\/div><\/div><\/div><\/div>\n<\/div>","protected":false},"excerpt":{"rendered":"&nbsp; CNG NO CNG OEM 1800470 TANIM PANJUR K\u0130L\u0130D\u0130 SA\u011e UYGULAMA P&amp;R&amp;G&amp;T SERIES","protected":false},"author":1,"featured_media":33175,"parent":0,"menu_order":0,"comment_status":"closed","ping_status":"closed","template":"","meta":{"inline_featured_image":false,"_joinchat":[],"footnotes":""},"categories":[3088],"tags":[4582,4580,4581],"class_list":["post-33699","page","type-page","status-publish","has-post-thumbnail","hentry","category-scania-elektrik","tag-1800470-cng","tag-1800470-panjur-kilidi-sag-scania","tag-1800470-scania"],"_links":{"self":[{"href":"https:\/\/cngoto.com.tr\/en\/wp-json\/wp\/v2\/pages\/33699","targetHints":{"allow":["GET"]}}],"collection":[{"href":"https:\/\/cngoto.com.tr\/en\/wp-json\/wp\/v2\/pages"}],"about":[{"href":"https:\/\/cngoto.com.tr\/en\/wp-json\/wp\/v2\/types\/page"}],"author":[{"embeddable":true,"href":"https:\/\/cngoto.com.tr\/en\/wp-json\/wp\/v2\/users\/1"}],"replies":[{"embeddable":true,"href":"https:\/\/cngoto.com.tr\/en\/wp-json\/wp\/v2\/comments?post=33699"}],"version-history":[{"count":1,"href":"https:\/\/cngoto.com.tr\/en\/wp-json\/wp\/v2\/pages\/33699\/revisions"}],"predecessor-version":[{"id":33726,"href":"https:\/\/cngoto.com.tr\/en\/wp-json\/wp\/v2\/pages\/33699\/revisions\/33726"}],"wp:featuredmedia":[{"embeddable":true,"href":"https:\/\/cngoto.com.tr\/en\/wp-json\/wp\/v2\/media\/33175"}],"wp:attachment":[{"href":"https:\/\/cngoto.com.tr\/en\/wp-json\/wp\/v2\/media?parent=33699"}],"wp:term":[{"taxonomy":"category","embeddable":true,"href":"https:\/\/cngoto.com.tr\/en\/wp-json\/wp\/v2\/categories?post=33699"},{"taxonomy":"post_tag","embeddable":true,"href":"https:\/\/cngoto.com.tr\/en\/wp-json\/wp\/v2\/tags?post=33699"}],"curies":[{"name":"wp","href":"https:\/\/api.w.org\/{rel}","templated":true}]}}