{"id":33619,"date":"2022-02-01T18:06:41","date_gmt":"2022-02-01T15:06:41","guid":{"rendered":"https:\/\/cngoto.com.tr\/?page_id=33619"},"modified":"2022-02-01T18:06:41","modified_gmt":"2022-02-01T15:06:41","slug":"1791181-radiator-mounting-bracket-right-scania","status":"publish","type":"page","link":"https:\/\/cngoto.com.tr\/en\/1791181-radiator-mounting-bracket-right-scania\/","title":{"rendered":"1791181 RADIATOR MOUNTING BRACKET RIGHT SCANIA"},"content":{"rendered":"<div class=\"wpb-content-wrapper\"><div class=\"vc_row wpb_row vc_row-fluid\"><div class=\"wpb_column vc_column_container vc_col-sm-4\"><div class=\"vc_column-inner\"><div class=\"wpb_wrapper\">\n\t<div  class=\"wpb_single_image wpb_content_element vc_align_left\">\n\t\t\n\t\t<figure class=\"wpb_wrapper vc_figure\">\n\t\t\t<a class=\"\" data-lightbox=\"lightbox[rel-33619-4018279526]\" href=\"https:\/\/cngoto.com.tr\/wp-content\/uploads\/2022\/01\/1791181.jpg\" target=\"_self\"><img loading=\"lazy\" decoding=\"async\" width=\"850\" height=\"850\" src=\"https:\/\/cngoto.com.tr\/wp-content\/uploads\/2022\/01\/1791181.jpg\" class=\"vc_single_image-img attachment-full\" alt=\"1791181 RADIATOR MOUNTING BRACKET RIGHT SCANIA\" title=\"1791181 RADIATOR MOUNTING BRACKET RIGHT SCANIA\" srcset=\"https:\/\/cngoto.com.tr\/wp-content\/uploads\/2022\/01\/1791181.jpg 850w, https:\/\/cngoto.com.tr\/wp-content\/uploads\/2022\/01\/1791181-430x430.jpg 430w, https:\/\/cngoto.com.tr\/wp-content\/uploads\/2022\/01\/1791181-150x150.jpg 150w, https:\/\/cngoto.com.tr\/wp-content\/uploads\/2022\/01\/1791181-700x700.jpg 700w, https:\/\/cngoto.com.tr\/wp-content\/uploads\/2022\/01\/1791181-768x768.jpg 768w, https:\/\/cngoto.com.tr\/wp-content\/uploads\/2022\/01\/1791181-720x720.jpg 720w, https:\/\/cngoto.com.tr\/wp-content\/uploads\/2022\/01\/1791181-200x200.jpg 200w\" sizes=\"auto, (max-width: 850px) 100vw, 850px\" \/><\/a>\n\t\t<\/figure>\n\t<\/div>\n<\/div><\/div><\/div><div class=\"wpb_column vc_column_container vc_col-sm-8\"><div class=\"vc_column-inner\"><div class=\"wpb_wrapper\">\n\t<div class=\"wpb_text_column wpb_content_element\" >\n\t\t<div class=\"wpb_wrapper\">\n\t\t\t<div class=\"responsive_table_container\">\n<p>&nbsp;<\/p>\n<table class=\"fortuna_table\" style=\"height: 90px;\" width=\"432\">\n<tbody>\n<tr>\n<th>CNG NO<\/th>\n<th>CNG<\/th>\n<\/tr>\n<tr>\n<td><strong>OEM<\/strong><\/td>\n<td>1791181<\/td>\n<\/tr>\n<tr>\n<td><strong>DEFINITION<\/strong><\/td>\n<td>RADIATOR MOUNTING BRACKET RIGHT<\/td>\n<\/tr>\n<tr>\n<td><strong>APPLICATION<\/strong><\/td>\n<td>P&amp;R&amp;G&amp;T SERIES<\/td>\n<\/tr>\n<\/tbody>\n<\/table>\n<\/div>\n\n\t\t<\/div>\n\t<\/div>\n<\/div><\/div><\/div><\/div><div class=\"vc_row wpb_row vc_row-fluid\"><div class=\"wpb_column vc_column_container vc_col-sm-12\"><div class=\"vc_column-inner\"><div class=\"wpb_wrapper\">\n\t<div class=\"wpb_text_column wpb_content_element\" >\n\t\t<div class=\"wpb_wrapper\">\n\t\t\t\n\t\t<\/div>\n\t<\/div>\n<\/div><\/div><\/div><\/div>\n<\/div>","protected":false},"excerpt":{"rendered":"&nbsp; CNG NO CNG OEM 1791181 TANIM RADYAT\u00d6R BA\u011eLANTI AYA\u011eI SA\u011e UYGULAMA P&amp;R&amp;G&amp;T SERIES","protected":false},"author":1,"featured_media":33079,"parent":0,"menu_order":0,"comment_status":"closed","ping_status":"closed","template":"","meta":{"inline_featured_image":false,"_joinchat":[],"footnotes":""},"categories":[3088],"tags":[4471,4470,4468,4469],"class_list":["post-33619","page","type-page","status-publish","has-post-thumbnail","hentry","category-scania-elektrik","tag-4471","tag-1791181-cng","tag-1791181-radyator-baglanti-ayagi-sag-scania","tag-1791181-scania"],"_links":{"self":[{"href":"https:\/\/cngoto.com.tr\/en\/wp-json\/wp\/v2\/pages\/33619","targetHints":{"allow":["GET"]}}],"collection":[{"href":"https:\/\/cngoto.com.tr\/en\/wp-json\/wp\/v2\/pages"}],"about":[{"href":"https:\/\/cngoto.com.tr\/en\/wp-json\/wp\/v2\/types\/page"}],"author":[{"embeddable":true,"href":"https:\/\/cngoto.com.tr\/en\/wp-json\/wp\/v2\/users\/1"}],"replies":[{"embeddable":true,"href":"https:\/\/cngoto.com.tr\/en\/wp-json\/wp\/v2\/comments?post=33619"}],"version-history":[{"count":1,"href":"https:\/\/cngoto.com.tr\/en\/wp-json\/wp\/v2\/pages\/33619\/revisions"}],"predecessor-version":[{"id":33667,"href":"https:\/\/cngoto.com.tr\/en\/wp-json\/wp\/v2\/pages\/33619\/revisions\/33667"}],"wp:featuredmedia":[{"embeddable":true,"href":"https:\/\/cngoto.com.tr\/en\/wp-json\/wp\/v2\/media\/33079"}],"wp:attachment":[{"href":"https:\/\/cngoto.com.tr\/en\/wp-json\/wp\/v2\/media?parent=33619"}],"wp:term":[{"taxonomy":"category","embeddable":true,"href":"https:\/\/cngoto.com.tr\/en\/wp-json\/wp\/v2\/categories?post=33619"},{"taxonomy":"post_tag","embeddable":true,"href":"https:\/\/cngoto.com.tr\/en\/wp-json\/wp\/v2\/tags?post=33619"}],"curies":[{"name":"wp","href":"https:\/\/api.w.org\/{rel}","templated":true}]}}