{"id":33589,"date":"2022-01-20T10:43:06","date_gmt":"2022-01-20T07:43:06","guid":{"rendered":"https:\/\/cngoto.com.tr\/?page_id=33589"},"modified":"2022-01-20T10:43:06","modified_gmt":"2022-01-20T07:43:06","slug":"1784973-saft-sheepskin-scania","status":"publish","type":"page","link":"https:\/\/cngoto.com.tr\/en\/1784973-saft-sheepskin-scania\/","title":{"rendered":"1784973 SHAFT SEAL SCANIA"},"content":{"rendered":"<div class=\"wpb-content-wrapper\"><div class=\"vc_row wpb_row vc_row-fluid\"><div class=\"wpb_column vc_column_container vc_col-sm-4\"><div class=\"vc_column-inner\"><div class=\"wpb_wrapper\">\n\t<div  class=\"wpb_single_image wpb_content_element vc_align_left\">\n\t\t\n\t\t<figure class=\"wpb_wrapper vc_figure\">\n\t\t\t<a class=\"\" data-lightbox=\"lightbox[rel-33589-3458352008]\" href=\"https:\/\/cngoto.com.tr\/wp-content\/uploads\/2022\/01\/1784973-1136x867.jpg\" target=\"_self\"><img loading=\"lazy\" decoding=\"async\" width=\"1136\" height=\"1056\" src=\"https:\/\/cngoto.com.tr\/wp-content\/uploads\/2022\/01\/1784973.jpg\" class=\"vc_single_image-img attachment-full\" alt=\"1784973 SHAFT SEAL SCANIA\" title=\"1784973 SHAFT SEAL SCANIA\" srcset=\"https:\/\/cngoto.com.tr\/wp-content\/uploads\/2022\/01\/1784973.jpg 1136w, https:\/\/cngoto.com.tr\/wp-content\/uploads\/2022\/01\/1784973-430x400.jpg 430w, https:\/\/cngoto.com.tr\/wp-content\/uploads\/2022\/01\/1784973-150x139.jpg 150w, https:\/\/cngoto.com.tr\/wp-content\/uploads\/2022\/01\/1784973-700x651.jpg 700w, https:\/\/cngoto.com.tr\/wp-content\/uploads\/2022\/01\/1784973-768x714.jpg 768w, https:\/\/cngoto.com.tr\/wp-content\/uploads\/2022\/01\/1784973-775x720.jpg 775w\" sizes=\"auto, (max-width: 1136px) 100vw, 1136px\" \/><\/a>\n\t\t<\/figure>\n\t<\/div>\n<\/div><\/div><\/div><div class=\"wpb_column vc_column_container vc_col-sm-8\"><div class=\"vc_column-inner\"><div class=\"wpb_wrapper\">\n\t<div class=\"wpb_text_column wpb_content_element\" >\n\t\t<div class=\"wpb_wrapper\">\n\t\t\t<div class=\"responsive_table_container\">\n<p>&nbsp;<\/p>\n<table class=\"fortuna_table\" style=\"height: 90px;\" width=\"432\">\n<tbody>\n<tr>\n<th>CNG NO<\/th>\n<th>CNG<\/th>\n<\/tr>\n<tr>\n<td><strong>OEM<\/strong><\/td>\n<td>1784973<\/td>\n<\/tr>\n<tr>\n<td><strong>DEFINITION<\/strong><\/td>\n<td>SHAFT SHAFT<\/td>\n<\/tr>\n<tr>\n<td><strong>APPLICATION<\/strong><\/td>\n<td>P&amp;R&amp;G&amp;T SERIES<\/td>\n<\/tr>\n<\/tbody>\n<\/table>\n<\/div>\n\n\t\t<\/div>\n\t<\/div>\n<\/div><\/div><\/div><\/div><div class=\"vc_row wpb_row vc_row-fluid\"><div class=\"wpb_column vc_column_container vc_col-sm-12\"><div class=\"vc_column-inner\"><div class=\"wpb_wrapper\">\n\t<div class=\"wpb_text_column wpb_content_element\" >\n\t\t<div class=\"wpb_wrapper\">\n\t\t\t\n\t\t<\/div>\n\t<\/div>\n<\/div><\/div><\/div><\/div>\n<\/div>","protected":false},"excerpt":{"rendered":"&nbsp; CNG NO CNG OEM 1784973 TANIM \u015eAFT KE\u00c7ES\u0130 UYGULAMA P&amp;R&amp;G&amp;T SERIES","protected":false},"author":1,"featured_media":32986,"parent":0,"menu_order":0,"comment_status":"closed","ping_status":"closed","template":"","meta":{"inline_featured_image":false,"_joinchat":[],"footnotes":""},"categories":[3088],"tags":[4348,4347,4349,4345,4346],"class_list":["post-33589","page","type-page","status-publish","has-post-thumbnail","hentry","category-scania-elektrik","tag-4348","tag-1784973-cng","tag-1784973-kece","tag-1784973-saft-kecesi-scania","tag-1784973-scania"],"_links":{"self":[{"href":"https:\/\/cngoto.com.tr\/en\/wp-json\/wp\/v2\/pages\/33589","targetHints":{"allow":["GET"]}}],"collection":[{"href":"https:\/\/cngoto.com.tr\/en\/wp-json\/wp\/v2\/pages"}],"about":[{"href":"https:\/\/cngoto.com.tr\/en\/wp-json\/wp\/v2\/types\/page"}],"author":[{"embeddable":true,"href":"https:\/\/cngoto.com.tr\/en\/wp-json\/wp\/v2\/users\/1"}],"replies":[{"embeddable":true,"href":"https:\/\/cngoto.com.tr\/en\/wp-json\/wp\/v2\/comments?post=33589"}],"version-history":[{"count":1,"href":"https:\/\/cngoto.com.tr\/en\/wp-json\/wp\/v2\/pages\/33589\/revisions"}],"predecessor-version":[{"id":33635,"href":"https:\/\/cngoto.com.tr\/en\/wp-json\/wp\/v2\/pages\/33589\/revisions\/33635"}],"wp:featuredmedia":[{"embeddable":true,"href":"https:\/\/cngoto.com.tr\/en\/wp-json\/wp\/v2\/media\/32986"}],"wp:attachment":[{"href":"https:\/\/cngoto.com.tr\/en\/wp-json\/wp\/v2\/media?parent=33589"}],"wp:term":[{"taxonomy":"category","embeddable":true,"href":"https:\/\/cngoto.com.tr\/en\/wp-json\/wp\/v2\/categories?post=33589"},{"taxonomy":"post_tag","embeddable":true,"href":"https:\/\/cngoto.com.tr\/en\/wp-json\/wp\/v2\/tags?post=33589"}],"curies":[{"name":"wp","href":"https:\/\/api.w.org\/{rel}","templated":true}]}}