{"id":33530,"date":"2022-01-14T11:15:42","date_gmt":"2022-01-14T08:15:42","guid":{"rendered":"https:\/\/cngoto.com.tr\/?page_id=33530"},"modified":"2022-01-14T11:15:42","modified_gmt":"2022-01-14T08:15:42","slug":"1776067-intercool-radyatoru-scania","status":"publish","type":"page","link":"https:\/\/cngoto.com.tr\/en\/1776067-intercool-radyatoru-scania\/","title":{"rendered":"1776067 INTERCOOL RADIATOR SCANIA"},"content":{"rendered":"<div class=\"wpb-content-wrapper\"><div class=\"vc_row wpb_row vc_row-fluid\"><div class=\"wpb_column vc_column_container vc_col-sm-4\"><div class=\"vc_column-inner\"><div class=\"wpb_wrapper\">\n\t<div  class=\"wpb_single_image wpb_content_element vc_align_left\">\n\t\t\n\t\t<figure class=\"wpb_wrapper vc_figure\">\n\t\t\t<a class=\"\" data-lightbox=\"lightbox[rel-33530-4145566196]\" href=\"https:\/\/cngoto.com.tr\/wp-content\/uploads\/2022\/01\/1776067-890x867.jpg\" target=\"_self\"><img loading=\"lazy\" decoding=\"async\" width=\"890\" height=\"890\" src=\"https:\/\/cngoto.com.tr\/wp-content\/uploads\/2022\/01\/1776067.jpg\" class=\"vc_single_image-img attachment-full\" alt=\"1776067 INTERCOOL RADIATOR SCANIA\" title=\"1776067 INTERCOOL RADIATOR SCANIA\" srcset=\"https:\/\/cngoto.com.tr\/wp-content\/uploads\/2022\/01\/1776067.jpg 890w, https:\/\/cngoto.com.tr\/wp-content\/uploads\/2022\/01\/1776067-430x430.jpg 430w, https:\/\/cngoto.com.tr\/wp-content\/uploads\/2022\/01\/1776067-150x150.jpg 150w, https:\/\/cngoto.com.tr\/wp-content\/uploads\/2022\/01\/1776067-700x700.jpg 700w, https:\/\/cngoto.com.tr\/wp-content\/uploads\/2022\/01\/1776067-768x768.jpg 768w, https:\/\/cngoto.com.tr\/wp-content\/uploads\/2022\/01\/1776067-720x720.jpg 720w, https:\/\/cngoto.com.tr\/wp-content\/uploads\/2022\/01\/1776067-200x200.jpg 200w\" sizes=\"auto, (max-width: 890px) 100vw, 890px\" \/><\/a>\n\t\t<\/figure>\n\t<\/div>\n<\/div><\/div><\/div><div class=\"wpb_column vc_column_container vc_col-sm-8\"><div class=\"vc_column-inner\"><div class=\"wpb_wrapper\">\n\t<div class=\"wpb_text_column wpb_content_element\" >\n\t\t<div class=\"wpb_wrapper\">\n\t\t\t<div class=\"responsive_table_container\">\n<p>&nbsp;<\/p>\n<table class=\"fortuna_table\" style=\"height: 90px;\" width=\"432\">\n<tbody>\n<tr>\n<th>CNG NO<\/th>\n<th>CNG<\/th>\n<\/tr>\n<tr>\n<td><strong>OEM<\/strong><\/td>\n<td>1776067<\/td>\n<\/tr>\n<tr>\n<td><strong>DEFINITION<\/strong><\/td>\n<td>\u0130NTERCOOL RADYAT\u00d6R\u00dc<\/td>\n<\/tr>\n<tr>\n<td><strong>APPLICATION<\/strong><\/td>\n<td>P&amp;R&amp;G&amp;T SERIES<\/td>\n<\/tr>\n<\/tbody>\n<\/table>\n<\/div>\n\n\t\t<\/div>\n\t<\/div>\n<\/div><\/div><\/div><\/div><div class=\"vc_row wpb_row vc_row-fluid\"><div class=\"wpb_column vc_column_container vc_col-sm-12\"><div class=\"vc_column-inner\"><div class=\"wpb_wrapper\">\n\t<div class=\"wpb_text_column wpb_content_element\" >\n\t\t<div class=\"wpb_wrapper\">\n\t\t\t\n\t\t<\/div>\n\t<\/div>\n<\/div><\/div><\/div><\/div>\n<\/div>","protected":false},"excerpt":{"rendered":"&nbsp; CNG NO CNG OEM 1776067 TANIM \u0130NTERCOOL RADYAT\u00d6R\u00dc UYGULAMA P&amp;R&amp;G&amp;T SERIES","protected":false},"author":1,"featured_media":32911,"parent":0,"menu_order":0,"comment_status":"closed","ping_status":"closed","template":"","meta":{"inline_featured_image":false,"_joinchat":[],"footnotes":""},"categories":[3088],"tags":[4254,4253,4251,4252],"class_list":["post-33530","page","type-page","status-publish","has-post-thumbnail","hentry","category-scania-elektrik","tag-4254","tag-1776067-cng","tag-1776067-intercool-radyatoru-scania","tag-1776067-scania"],"_links":{"self":[{"href":"https:\/\/cngoto.com.tr\/en\/wp-json\/wp\/v2\/pages\/33530","targetHints":{"allow":["GET"]}}],"collection":[{"href":"https:\/\/cngoto.com.tr\/en\/wp-json\/wp\/v2\/pages"}],"about":[{"href":"https:\/\/cngoto.com.tr\/en\/wp-json\/wp\/v2\/types\/page"}],"author":[{"embeddable":true,"href":"https:\/\/cngoto.com.tr\/en\/wp-json\/wp\/v2\/users\/1"}],"replies":[{"embeddable":true,"href":"https:\/\/cngoto.com.tr\/en\/wp-json\/wp\/v2\/comments?post=33530"}],"version-history":[{"count":1,"href":"https:\/\/cngoto.com.tr\/en\/wp-json\/wp\/v2\/pages\/33530\/revisions"}],"predecessor-version":[{"id":33546,"href":"https:\/\/cngoto.com.tr\/en\/wp-json\/wp\/v2\/pages\/33530\/revisions\/33546"}],"wp:featuredmedia":[{"embeddable":true,"href":"https:\/\/cngoto.com.tr\/en\/wp-json\/wp\/v2\/media\/32911"}],"wp:attachment":[{"href":"https:\/\/cngoto.com.tr\/en\/wp-json\/wp\/v2\/media?parent=33530"}],"wp:term":[{"taxonomy":"category","embeddable":true,"href":"https:\/\/cngoto.com.tr\/en\/wp-json\/wp\/v2\/categories?post=33530"},{"taxonomy":"post_tag","embeddable":true,"href":"https:\/\/cngoto.com.tr\/en\/wp-json\/wp\/v2\/tags?post=33530"}],"curies":[{"name":"wp","href":"https:\/\/api.w.org\/{rel}","templated":true}]}}