{"id":33498,"date":"2022-01-14T10:09:35","date_gmt":"2022-01-14T07:09:35","guid":{"rendered":"https:\/\/cngoto.com.tr\/?page_id=33498"},"modified":"2022-01-14T10:09:35","modified_gmt":"2022-01-14T07:09:35","slug":"1912140-dingil-tamir-takimi-set-scania","status":"publish","type":"page","link":"https:\/\/cngoto.com.tr\/en\/1912140-dingil-tamir-takimi-set-scania\/","title":{"rendered":"1912140 DISC REPAIR KIT SET SCANIA"},"content":{"rendered":"<div class=\"wpb-content-wrapper\"><div class=\"vc_row wpb_row vc_row-fluid\"><div class=\"wpb_column vc_column_container vc_col-sm-4\"><div class=\"vc_column-inner\"><div class=\"wpb_wrapper\">\n\t<div  class=\"wpb_single_image wpb_content_element vc_align_left\">\n\t\t\n\t\t<figure class=\"wpb_wrapper vc_figure\">\n\t\t\t<a class=\"\" data-lightbox=\"lightbox[rel-33498-3556400825]\" href=\"https:\/\/cngoto.com.tr\/wp-content\/uploads\/2021\/12\/1912140-1300x867.jpg\" target=\"_self\"><img loading=\"lazy\" decoding=\"async\" width=\"2432\" height=\"2432\" src=\"https:\/\/cngoto.com.tr\/wp-content\/uploads\/2021\/12\/1912140.jpg\" class=\"vc_single_image-img attachment-full\" alt=\"1912140 DISC REPAIR KIT SET SCANIA\" title=\"1912140 DISC REPAIR KIT SET SCANIA\" srcset=\"https:\/\/cngoto.com.tr\/wp-content\/uploads\/2021\/12\/1912140.jpg 2432w, https:\/\/cngoto.com.tr\/wp-content\/uploads\/2021\/12\/1912140-430x430.jpg 430w, https:\/\/cngoto.com.tr\/wp-content\/uploads\/2021\/12\/1912140-150x150.jpg 150w, https:\/\/cngoto.com.tr\/wp-content\/uploads\/2021\/12\/1912140-700x700.jpg 700w, https:\/\/cngoto.com.tr\/wp-content\/uploads\/2021\/12\/1912140-768x768.jpg 768w, https:\/\/cngoto.com.tr\/wp-content\/uploads\/2021\/12\/1912140-1536x1536.jpg 1536w, https:\/\/cngoto.com.tr\/wp-content\/uploads\/2021\/12\/1912140-2048x2048.jpg 2048w, https:\/\/cngoto.com.tr\/wp-content\/uploads\/2021\/12\/1912140-720x720.jpg 720w, https:\/\/cngoto.com.tr\/wp-content\/uploads\/2021\/12\/1912140-200x200.jpg 200w\" sizes=\"auto, (max-width: 2432px) 100vw, 2432px\" \/><\/a>\n\t\t<\/figure>\n\t<\/div>\n<\/div><\/div><\/div><div class=\"wpb_column vc_column_container vc_col-sm-8\"><div class=\"vc_column-inner\"><div class=\"wpb_wrapper\">\n\t<div class=\"wpb_text_column wpb_content_element\" >\n\t\t<div class=\"wpb_wrapper\">\n\t\t\t<div class=\"responsive_table_container\">\n<p>&nbsp;<\/p>\n<table class=\"fortuna_table\" style=\"height: 90px;\" width=\"432\">\n<tbody>\n<tr>\n<th>CNG NO<\/th>\n<th>CNG<\/th>\n<\/tr>\n<tr>\n<td><strong>OEM<\/strong><\/td>\n<td>1912140<\/td>\n<\/tr>\n<tr>\n<td><strong>DEFINITION<\/strong><\/td>\n<td>D\u0130NG\u0130L TAM\u0130R TAKIM SET<\/td>\n<\/tr>\n<tr>\n<td><strong>APPLICATION<\/strong><\/td>\n<td>P&amp;R&amp;G&amp;T SERIES<\/td>\n<\/tr>\n<\/tbody>\n<\/table>\n<\/div>\n\n\t\t<\/div>\n\t<\/div>\n<\/div><\/div><\/div><\/div><div class=\"vc_row wpb_row vc_row-fluid\"><div class=\"wpb_column vc_column_container vc_col-sm-12\"><div class=\"vc_column-inner\"><div class=\"wpb_wrapper\">\n\t<div class=\"wpb_text_column wpb_content_element\" >\n\t\t<div class=\"wpb_wrapper\">\n\t\t\t\n\t\t<\/div>\n\t<\/div>\n<\/div><\/div><\/div><\/div>\n<\/div>","protected":false},"excerpt":{"rendered":"&nbsp; CNG NO CNG OEM 1912140 TANIM D\u0130NG\u0130L TAM\u0130R TAKIM SET UYGULAMA P&amp;R&amp;G&amp;T SERIES","protected":false},"author":1,"featured_media":32729,"parent":0,"menu_order":0,"comment_status":"closed","ping_status":"closed","template":"","meta":{"inline_featured_image":false,"_joinchat":[],"footnotes":""},"categories":[3088],"tags":[4194,4193,4191,4192],"class_list":["post-33498","page","type-page","status-publish","has-post-thumbnail","hentry","category-scania-elektrik","tag-4194","tag-1912140-cng","tag-1912140-dingil-tamir-takimi-set-scania","tag-1912140-scania"],"_links":{"self":[{"href":"https:\/\/cngoto.com.tr\/en\/wp-json\/wp\/v2\/pages\/33498","targetHints":{"allow":["GET"]}}],"collection":[{"href":"https:\/\/cngoto.com.tr\/en\/wp-json\/wp\/v2\/pages"}],"about":[{"href":"https:\/\/cngoto.com.tr\/en\/wp-json\/wp\/v2\/types\/page"}],"author":[{"embeddable":true,"href":"https:\/\/cngoto.com.tr\/en\/wp-json\/wp\/v2\/users\/1"}],"replies":[{"embeddable":true,"href":"https:\/\/cngoto.com.tr\/en\/wp-json\/wp\/v2\/comments?post=33498"}],"version-history":[{"count":1,"href":"https:\/\/cngoto.com.tr\/en\/wp-json\/wp\/v2\/pages\/33498\/revisions"}],"predecessor-version":[{"id":33515,"href":"https:\/\/cngoto.com.tr\/en\/wp-json\/wp\/v2\/pages\/33498\/revisions\/33515"}],"wp:featuredmedia":[{"embeddable":true,"href":"https:\/\/cngoto.com.tr\/en\/wp-json\/wp\/v2\/media\/32729"}],"wp:attachment":[{"href":"https:\/\/cngoto.com.tr\/en\/wp-json\/wp\/v2\/media?parent=33498"}],"wp:term":[{"taxonomy":"category","embeddable":true,"href":"https:\/\/cngoto.com.tr\/en\/wp-json\/wp\/v2\/categories?post=33498"},{"taxonomy":"post_tag","embeddable":true,"href":"https:\/\/cngoto.com.tr\/en\/wp-json\/wp\/v2\/tags?post=33498"}],"curies":[{"name":"wp","href":"https:\/\/api.w.org\/{rel}","templated":true}]}}