{"id":33489,"date":"2022-01-13T16:32:11","date_gmt":"2022-01-13T13:32:11","guid":{"rendered":"https:\/\/cngoto.com.tr\/?page_id=33489"},"modified":"2022-01-13T16:32:11","modified_gmt":"2022-01-13T13:32:11","slug":"190297517893051406223-door-interior-lock-machine-scania","status":"publish","type":"page","link":"https:\/\/cngoto.com.tr\/en\/190297517893051406223-door-interior-lock-machine-scania\/","title":{"rendered":"1902975+1789305+1406223 DOOR INTERIOR LOCK MECHANISM SCANIA"},"content":{"rendered":"<div class=\"wpb-content-wrapper\"><div class=\"vc_row wpb_row vc_row-fluid\"><div class=\"wpb_column vc_column_container vc_col-sm-4\"><div class=\"vc_column-inner\"><div class=\"wpb_wrapper\">\n\t<div  class=\"wpb_single_image wpb_content_element vc_align_left\">\n\t\t\n\t\t<figure class=\"wpb_wrapper vc_figure\">\n\t\t\t<a class=\"\" data-lightbox=\"lightbox[rel-33489-943224885]\" href=\"https:\/\/cngoto.com.tr\/wp-content\/uploads\/2021\/12\/190297517893051406223-1077x867.jpg\" target=\"_self\"><img loading=\"lazy\" decoding=\"async\" width=\"1077\" height=\"1077\" src=\"https:\/\/cngoto.com.tr\/wp-content\/uploads\/2021\/12\/190297517893051406223.jpg\" class=\"vc_single_image-img attachment-full\" alt=\"1902975+1789305+1406223 DOOR INTERIOR LOCK MECHANISM SCANIA\" title=\"1902975+1789305+1406223 DOOR INTERIOR LOCK MECHANISM SCANIA\" srcset=\"https:\/\/cngoto.com.tr\/wp-content\/uploads\/2021\/12\/190297517893051406223.jpg 1077w, https:\/\/cngoto.com.tr\/wp-content\/uploads\/2021\/12\/190297517893051406223-430x430.jpg 430w, https:\/\/cngoto.com.tr\/wp-content\/uploads\/2021\/12\/190297517893051406223-150x150.jpg 150w, https:\/\/cngoto.com.tr\/wp-content\/uploads\/2021\/12\/190297517893051406223-700x700.jpg 700w, https:\/\/cngoto.com.tr\/wp-content\/uploads\/2021\/12\/190297517893051406223-768x768.jpg 768w, https:\/\/cngoto.com.tr\/wp-content\/uploads\/2021\/12\/190297517893051406223-720x720.jpg 720w, https:\/\/cngoto.com.tr\/wp-content\/uploads\/2021\/12\/190297517893051406223-200x200.jpg 200w\" sizes=\"auto, (max-width: 1077px) 100vw, 1077px\" \/><\/a>\n\t\t<\/figure>\n\t<\/div>\n<\/div><\/div><\/div><div class=\"wpb_column vc_column_container vc_col-sm-8\"><div class=\"vc_column-inner\"><div class=\"wpb_wrapper\">\n\t<div class=\"wpb_text_column wpb_content_element\" >\n\t\t<div class=\"wpb_wrapper\">\n\t\t\t<div class=\"responsive_table_container\">\n<p>&nbsp;<\/p>\n<table class=\"fortuna_table\" style=\"height: 90px;\" width=\"432\">\n<tbody>\n<tr>\n<th>CNG NO<\/th>\n<th>CNG<\/th>\n<\/tr>\n<tr>\n<td><strong>OEM<\/strong><\/td>\n<td>1902975-1789305-1406223<\/td>\n<\/tr>\n<tr>\n<td><strong>DEFINITION<\/strong><\/td>\n<td>DOOR INTERIOR LOCK<\/td>\n<\/tr>\n<tr>\n<td><strong>APPLICATION<\/strong><\/td>\n<td>P&amp;R&amp;G&amp;T SERIES<\/td>\n<\/tr>\n<\/tbody>\n<\/table>\n<\/div>\n\n\t\t<\/div>\n\t<\/div>\n<\/div><\/div><\/div><\/div><div class=\"vc_row wpb_row vc_row-fluid\"><div class=\"wpb_column vc_column_container vc_col-sm-12\"><div class=\"vc_column-inner\"><div class=\"wpb_wrapper\">\n\t<div class=\"wpb_text_column wpb_content_element\" >\n\t\t<div class=\"wpb_wrapper\">\n\t\t\t\n\t\t<\/div>\n\t<\/div>\n<\/div><\/div><\/div><\/div>\n<\/div>","protected":false},"excerpt":{"rendered":"&nbsp; CNG NO CNG OEM 1902975-1789305-1406223 TANIM KAPI \u0130\u00c7 K\u0130L\u0130T UYGULAMA P&amp;R&amp;G&amp;T SERIES","protected":false},"author":1,"featured_media":32684,"parent":0,"menu_order":0,"comment_status":"closed","ping_status":"closed","template":"","meta":{"inline_featured_image":false,"_joinchat":[],"footnotes":""},"categories":[3088],"tags":[4159,4158,4157,4156],"class_list":["post-33489","page","type-page","status-publish","has-post-thumbnail","hentry","category-scania-elektrik","tag-4159","tag-1789305-kapi-ic-kildi","tag-1902975-scania","tag-190297517893051406223-kapi-ic-kilit-makinizmasi-scania"],"_links":{"self":[{"href":"https:\/\/cngoto.com.tr\/en\/wp-json\/wp\/v2\/pages\/33489","targetHints":{"allow":["GET"]}}],"collection":[{"href":"https:\/\/cngoto.com.tr\/en\/wp-json\/wp\/v2\/pages"}],"about":[{"href":"https:\/\/cngoto.com.tr\/en\/wp-json\/wp\/v2\/types\/page"}],"author":[{"embeddable":true,"href":"https:\/\/cngoto.com.tr\/en\/wp-json\/wp\/v2\/users\/1"}],"replies":[{"embeddable":true,"href":"https:\/\/cngoto.com.tr\/en\/wp-json\/wp\/v2\/comments?post=33489"}],"version-history":[{"count":1,"href":"https:\/\/cngoto.com.tr\/en\/wp-json\/wp\/v2\/pages\/33489\/revisions"}],"predecessor-version":[{"id":33506,"href":"https:\/\/cngoto.com.tr\/en\/wp-json\/wp\/v2\/pages\/33489\/revisions\/33506"}],"wp:featuredmedia":[{"embeddable":true,"href":"https:\/\/cngoto.com.tr\/en\/wp-json\/wp\/v2\/media\/32684"}],"wp:attachment":[{"href":"https:\/\/cngoto.com.tr\/en\/wp-json\/wp\/v2\/media?parent=33489"}],"wp:term":[{"taxonomy":"category","embeddable":true,"href":"https:\/\/cngoto.com.tr\/en\/wp-json\/wp\/v2\/categories?post=33489"},{"taxonomy":"post_tag","embeddable":true,"href":"https:\/\/cngoto.com.tr\/en\/wp-json\/wp\/v2\/tags?post=33489"}],"curies":[{"name":"wp","href":"https:\/\/api.w.org\/{rel}","templated":true}]}}