{"id":33440,"date":"2022-01-11T10:23:17","date_gmt":"2022-01-11T07:23:17","guid":{"rendered":"https:\/\/cngoto.com.tr\/?page_id=33440"},"modified":"2022-01-11T10:23:17","modified_gmt":"2022-01-11T07:23:17","slug":"1889797-suspension-level-valve-scania","status":"publish","type":"page","link":"https:\/\/cngoto.com.tr\/en\/1889797-suspension-level-valve-scania\/","title":{"rendered":"1889797 SUSPENSION LEVEL VALVE SCANIA"},"content":{"rendered":"<div class=\"wpb-content-wrapper\"><div class=\"vc_row wpb_row vc_row-fluid\"><div class=\"wpb_column vc_column_container vc_col-sm-4\"><div class=\"vc_column-inner\"><div class=\"wpb_wrapper\">\n\t<div  class=\"wpb_single_image wpb_content_element vc_align_left\">\n\t\t\n\t\t<figure class=\"wpb_wrapper vc_figure\">\n\t\t\t<a class=\"\" data-lightbox=\"lightbox[rel-33440-574151883]\" href=\"https:\/\/cngoto.com.tr\/wp-content\/uploads\/2021\/12\/1889797-1019x867.jpg\" target=\"_self\"><img loading=\"lazy\" decoding=\"async\" width=\"1019\" height=\"1019\" src=\"https:\/\/cngoto.com.tr\/wp-content\/uploads\/2021\/12\/1889797.jpg\" class=\"vc_single_image-img attachment-full\" alt=\"1889797 SUSPENSION LEVEL VALVE SCANIA\" title=\"1889797 SUSPENSION LEVEL VALVE SCANIA\" srcset=\"https:\/\/cngoto.com.tr\/wp-content\/uploads\/2021\/12\/1889797.jpg 1019w, https:\/\/cngoto.com.tr\/wp-content\/uploads\/2021\/12\/1889797-430x430.jpg 430w, https:\/\/cngoto.com.tr\/wp-content\/uploads\/2021\/12\/1889797-150x150.jpg 150w, https:\/\/cngoto.com.tr\/wp-content\/uploads\/2021\/12\/1889797-700x700.jpg 700w, https:\/\/cngoto.com.tr\/wp-content\/uploads\/2021\/12\/1889797-768x768.jpg 768w, https:\/\/cngoto.com.tr\/wp-content\/uploads\/2021\/12\/1889797-720x720.jpg 720w, https:\/\/cngoto.com.tr\/wp-content\/uploads\/2021\/12\/1889797-200x200.jpg 200w\" sizes=\"auto, (max-width: 1019px) 100vw, 1019px\" \/><\/a>\n\t\t<\/figure>\n\t<\/div>\n<\/div><\/div><\/div><div class=\"wpb_column vc_column_container vc_col-sm-8\"><div class=\"vc_column-inner\"><div class=\"wpb_wrapper\">\n\t<div class=\"wpb_text_column wpb_content_element\" >\n\t\t<div class=\"wpb_wrapper\">\n\t\t\t<div class=\"responsive_table_container\">\n<p>&nbsp;<\/p>\n<table class=\"fortuna_table\" style=\"height: 90px;\" width=\"432\">\n<tbody>\n<tr>\n<th>CNG NO<\/th>\n<th>CNG<\/th>\n<\/tr>\n<tr>\n<td><strong>OEM<\/strong><\/td>\n<td>1889797<\/td>\n<\/tr>\n<tr>\n<td><strong>DEFINITION<\/strong><\/td>\n<td>SUSPENSION LEVEL VALVE<\/td>\n<\/tr>\n<tr>\n<td><strong>APPLICATION<\/strong><\/td>\n<td>P&amp;R&amp;G&amp;T SERIES<\/td>\n<\/tr>\n<\/tbody>\n<\/table>\n<\/div>\n\n\t\t<\/div>\n\t<\/div>\n<\/div><\/div><\/div><\/div><div class=\"vc_row wpb_row vc_row-fluid\"><div class=\"wpb_column vc_column_container vc_col-sm-12\"><div class=\"vc_column-inner\"><div class=\"wpb_wrapper\">\n\t<div class=\"wpb_text_column wpb_content_element\" >\n\t\t<div class=\"wpb_wrapper\">\n\t\t\t\n\t\t<\/div>\n\t<\/div>\n<\/div><\/div><\/div><\/div>\n<\/div>","protected":false},"excerpt":{"rendered":"&nbsp; CNG NO CNG OEM 1889797 TANIM S\u00dcSPANS\u0130YON SEV\u0130YE VENT\u0130L\u0130 UYGULAMA P&amp;R&amp;G&amp;T SERIES","protected":false},"author":1,"featured_media":32618,"parent":0,"menu_order":0,"comment_status":"closed","ping_status":"closed","template":"","meta":{"inline_featured_image":false,"_joinchat":[],"footnotes":""},"categories":[3088],"tags":[4061,3126,3113,4060],"class_list":["post-33440","page","type-page","status-publish","has-post-thumbnail","hentry","category-scania-elektrik","tag-1889797-cng","tag-1889797-koruk-seviye-ventili","tag-1889797-scania","tag-1889797-suspansiyon-seviye-ventili-scania"],"_links":{"self":[{"href":"https:\/\/cngoto.com.tr\/en\/wp-json\/wp\/v2\/pages\/33440","targetHints":{"allow":["GET"]}}],"collection":[{"href":"https:\/\/cngoto.com.tr\/en\/wp-json\/wp\/v2\/pages"}],"about":[{"href":"https:\/\/cngoto.com.tr\/en\/wp-json\/wp\/v2\/types\/page"}],"author":[{"embeddable":true,"href":"https:\/\/cngoto.com.tr\/en\/wp-json\/wp\/v2\/users\/1"}],"replies":[{"embeddable":true,"href":"https:\/\/cngoto.com.tr\/en\/wp-json\/wp\/v2\/comments?post=33440"}],"version-history":[{"count":2,"href":"https:\/\/cngoto.com.tr\/en\/wp-json\/wp\/v2\/pages\/33440\/revisions"}],"predecessor-version":[{"id":33466,"href":"https:\/\/cngoto.com.tr\/en\/wp-json\/wp\/v2\/pages\/33440\/revisions\/33466"}],"wp:featuredmedia":[{"embeddable":true,"href":"https:\/\/cngoto.com.tr\/en\/wp-json\/wp\/v2\/media\/32618"}],"wp:attachment":[{"href":"https:\/\/cngoto.com.tr\/en\/wp-json\/wp\/v2\/media?parent=33440"}],"wp:term":[{"taxonomy":"category","embeddable":true,"href":"https:\/\/cngoto.com.tr\/en\/wp-json\/wp\/v2\/categories?post=33440"},{"taxonomy":"post_tag","embeddable":true,"href":"https:\/\/cngoto.com.tr\/en\/wp-json\/wp\/v2\/tags?post=33440"}],"curies":[{"name":"wp","href":"https:\/\/api.w.org\/{rel}","templated":true}]}}