{"id":32844,"date":"2022-01-03T12:12:55","date_gmt":"2022-01-03T09:12:55","guid":{"rendered":"https:\/\/cngoto.com.tr\/?page_id=32844"},"modified":"2022-01-08T14:03:21","modified_gmt":"2022-01-08T11:03:21","slug":"1873668-rear-cabin-guard-complete-scania","status":"publish","type":"page","link":"https:\/\/cngoto.com.tr\/en\/1873668-rear-cabin-guard-complete-scania\/","title":{"rendered":"1873668 REAR CABIN BELLOWS COMPLETE SCANIA"},"content":{"rendered":"<div class=\"wpb-content-wrapper\"><div class=\"vc_row wpb_row vc_row-fluid\"><div class=\"wpb_column vc_column_container vc_col-sm-4\"><div class=\"vc_column-inner\"><div class=\"wpb_wrapper\">\n\t<div  class=\"wpb_single_image wpb_content_element vc_align_left\">\n\t\t\n\t\t<figure class=\"wpb_wrapper vc_figure\">\n\t\t\t<a class=\"\" data-lightbox=\"lightbox[rel-32844-2775511912]\" href=\"https:\/\/cngoto.com.tr\/wp-content\/uploads\/2021\/12\/1873668-1050x867.jpg\" target=\"_self\"><img loading=\"lazy\" decoding=\"async\" width=\"1050\" height=\"1050\" src=\"https:\/\/cngoto.com.tr\/wp-content\/uploads\/2021\/12\/1873668.jpg\" class=\"vc_single_image-img attachment-full\" alt=\"1873668 REAR CABIN BELLOWS COMPLETE SCANIA\" title=\"1873668 REAR CABIN BELLOWS COMPLETE SCANIA\" srcset=\"https:\/\/cngoto.com.tr\/wp-content\/uploads\/2021\/12\/1873668.jpg 1050w, https:\/\/cngoto.com.tr\/wp-content\/uploads\/2021\/12\/1873668-430x430.jpg 430w, https:\/\/cngoto.com.tr\/wp-content\/uploads\/2021\/12\/1873668-150x150.jpg 150w, https:\/\/cngoto.com.tr\/wp-content\/uploads\/2021\/12\/1873668-700x700.jpg 700w, https:\/\/cngoto.com.tr\/wp-content\/uploads\/2021\/12\/1873668-768x768.jpg 768w, https:\/\/cngoto.com.tr\/wp-content\/uploads\/2021\/12\/1873668-720x720.jpg 720w, https:\/\/cngoto.com.tr\/wp-content\/uploads\/2021\/12\/1873668-200x200.jpg 200w\" sizes=\"auto, (max-width: 1050px) 100vw, 1050px\" \/><\/a>\n\t\t<\/figure>\n\t<\/div>\n<\/div><\/div><\/div><div class=\"wpb_column vc_column_container vc_col-sm-8\"><div class=\"vc_column-inner\"><div class=\"wpb_wrapper\">\n\t<div class=\"wpb_text_column wpb_content_element\" >\n\t\t<div class=\"wpb_wrapper\">\n\t\t\t<div class=\"responsive_table_container\">\n<p>&nbsp;<\/p>\n<table class=\"fortuna_table\" style=\"height: 90px;\" width=\"432\">\n<tbody>\n<tr>\n<th>CNG NO<\/th>\n<th>CNG<\/th>\n<\/tr>\n<tr>\n<td><strong>OEM<\/strong><\/td>\n<td>1873668<\/td>\n<\/tr>\n<tr>\n<td><strong>DEFINITION<\/strong><\/td>\n<td>REAR CABIN BELLOWS COMPLETE<\/td>\n<\/tr>\n<tr>\n<td><strong>APPLICATION<\/strong><\/td>\n<td>P&amp;R&amp;G&amp;T SERIES<\/td>\n<\/tr>\n<\/tbody>\n<\/table>\n<\/div>\n\n\t\t<\/div>\n\t<\/div>\n<\/div><\/div><\/div><\/div><div class=\"vc_row wpb_row vc_row-fluid\"><div class=\"wpb_column vc_column_container vc_col-sm-12\"><div class=\"vc_column-inner\"><div class=\"wpb_wrapper\">\n\t<div class=\"wpb_text_column wpb_content_element\" >\n\t\t<div class=\"wpb_wrapper\">\n\t\t\t\n\t\t<\/div>\n\t<\/div>\n<\/div><\/div><\/div><\/div>\n<\/div>","protected":false},"excerpt":{"rendered":"&nbsp; CNG NO CNG OEM 1873668 TANIM ARKA KAB\u0130N K\u00d6R\u00dc\u011e\u00dc KOMPLE UYGULAMA P&amp;R&amp;G&amp;T SERIES","protected":false},"author":1,"featured_media":32513,"parent":0,"menu_order":0,"comment_status":"closed","ping_status":"closed","template":"","meta":{"inline_featured_image":false,"_joinchat":[],"footnotes":""},"categories":[550],"tags":[3927,3924,3926,3928,3925],"class_list":["post-32844","page","type-page","status-publish","has-post-thumbnail","hentry","category-scania-kaporta","tag-3927","tag-1873668-arka-kabin-korugu-komple-scania","tag-1873668-cng","tag-1873668-koruk","tag-1873668-scania"],"_links":{"self":[{"href":"https:\/\/cngoto.com.tr\/en\/wp-json\/wp\/v2\/pages\/32844","targetHints":{"allow":["GET"]}}],"collection":[{"href":"https:\/\/cngoto.com.tr\/en\/wp-json\/wp\/v2\/pages"}],"about":[{"href":"https:\/\/cngoto.com.tr\/en\/wp-json\/wp\/v2\/types\/page"}],"author":[{"embeddable":true,"href":"https:\/\/cngoto.com.tr\/en\/wp-json\/wp\/v2\/users\/1"}],"replies":[{"embeddable":true,"href":"https:\/\/cngoto.com.tr\/en\/wp-json\/wp\/v2\/comments?post=32844"}],"version-history":[{"count":1,"href":"https:\/\/cngoto.com.tr\/en\/wp-json\/wp\/v2\/pages\/32844\/revisions"}],"predecessor-version":[{"id":32864,"href":"https:\/\/cngoto.com.tr\/en\/wp-json\/wp\/v2\/pages\/32844\/revisions\/32864"}],"wp:featuredmedia":[{"embeddable":true,"href":"https:\/\/cngoto.com.tr\/en\/wp-json\/wp\/v2\/media\/32513"}],"wp:attachment":[{"href":"https:\/\/cngoto.com.tr\/en\/wp-json\/wp\/v2\/media?parent=32844"}],"wp:term":[{"taxonomy":"category","embeddable":true,"href":"https:\/\/cngoto.com.tr\/en\/wp-json\/wp\/v2\/categories?post=32844"},{"taxonomy":"post_tag","embeddable":true,"href":"https:\/\/cngoto.com.tr\/en\/wp-json\/wp\/v2\/tags?post=32844"}],"curies":[{"name":"wp","href":"https:\/\/api.w.org\/{rel}","templated":true}]}}