{"id":32308,"date":"2021-12-25T09:55:10","date_gmt":"2021-12-25T06:55:10","guid":{"rendered":"https:\/\/cngoto.com.tr\/?page_id=32308"},"modified":"2022-01-08T15:14:17","modified_gmt":"2022-01-08T12:14:17","slug":"2162650-kose-ruzgarlik-dis-kapak-sag-scania","status":"publish","type":"page","link":"https:\/\/cngoto.com.tr\/en\/2162650-kose-ruzgarlik-dis-kapak-sag-scania\/","title":{"rendered":"2162650 CORNER SPOILER OUTER COVER RIGHT SCANIA"},"content":{"rendered":"<div class=\"wpb-content-wrapper\"><div class=\"vc_row wpb_row vc_row-fluid\"><div class=\"wpb_column vc_column_container vc_col-sm-4\"><div class=\"vc_column-inner\"><div class=\"wpb_wrapper\">\n\t<div  class=\"wpb_single_image wpb_content_element vc_align_left\">\n\t\t\n\t\t<figure class=\"wpb_wrapper vc_figure\">\n\t\t\t<a class=\"\" data-lightbox=\"lightbox[rel-32308-2966192979]\" href=\"https:\/\/cngoto.com.tr\/wp-content\/uploads\/2021\/12\/2162650-1000x867.jpg\" target=\"_self\"><img loading=\"lazy\" decoding=\"async\" width=\"1000\" height=\"1000\" src=\"https:\/\/cngoto.com.tr\/wp-content\/uploads\/2021\/12\/2162650.jpg\" class=\"vc_single_image-img attachment-full\" alt=\"2162650 CORNER SPOILER OUTER COVER RIGHT SCANIA\" title=\"2162650 CORNER SPOILER OUTER COVER RIGHT SCANIA\" srcset=\"https:\/\/cngoto.com.tr\/wp-content\/uploads\/2021\/12\/2162650.jpg 1000w, https:\/\/cngoto.com.tr\/wp-content\/uploads\/2021\/12\/2162650-430x430.jpg 430w, https:\/\/cngoto.com.tr\/wp-content\/uploads\/2021\/12\/2162650-150x150.jpg 150w, https:\/\/cngoto.com.tr\/wp-content\/uploads\/2021\/12\/2162650-700x700.jpg 700w, https:\/\/cngoto.com.tr\/wp-content\/uploads\/2021\/12\/2162650-768x768.jpg 768w, https:\/\/cngoto.com.tr\/wp-content\/uploads\/2021\/12\/2162650-720x720.jpg 720w, https:\/\/cngoto.com.tr\/wp-content\/uploads\/2021\/12\/2162650-200x200.jpg 200w\" sizes=\"auto, (max-width: 1000px) 100vw, 1000px\" \/><\/a>\n\t\t<\/figure>\n\t<\/div>\n<\/div><\/div><\/div><div class=\"wpb_column vc_column_container vc_col-sm-8\"><div class=\"vc_column-inner\"><div class=\"wpb_wrapper\">\n\t<div class=\"wpb_text_column wpb_content_element\" >\n\t\t<div class=\"wpb_wrapper\">\n\t\t\t<div class=\"responsive_table_container\">\n<p>&nbsp;<\/p>\n<table class=\"fortuna_table\" style=\"height: 90px;\" width=\"432\">\n<tbody>\n<tr>\n<th>CNG NO<\/th>\n<th>CNG<\/th>\n<\/tr>\n<tr>\n<td><strong>OEM<\/strong><\/td>\n<td>2162650<\/td>\n<\/tr>\n<tr>\n<td><strong>DEFINITION<\/strong><\/td>\n<td>K\u00d6\u015eE R\u00dcZGARLIK DI\u015e KAPAK SA\u011e<\/td>\n<\/tr>\n<tr>\n<td><strong>APPLICATION<\/strong><\/td>\n<td>P&amp;R&amp;G&amp;T SERIES<\/td>\n<\/tr>\n<\/tbody>\n<\/table>\n<\/div>\n\n\t\t<\/div>\n\t<\/div>\n<\/div><\/div><\/div><\/div><div class=\"vc_row wpb_row vc_row-fluid\"><div class=\"wpb_column vc_column_container vc_col-sm-12\"><div class=\"vc_column-inner\"><div class=\"wpb_wrapper\">\n\t<div class=\"wpb_text_column wpb_content_element\" >\n\t\t<div class=\"wpb_wrapper\">\n\t\t\t\n\t\t<\/div>\n\t<\/div>\n<\/div><\/div><\/div><\/div>\n<\/div>","protected":false},"excerpt":{"rendered":"&nbsp; CNG NO CNG OEM 2162650 TANIM K\u00d6\u015eE R\u00dcZGARLIK DI\u015e KAPAK SA\u011e UYGULAMA P&amp;R&amp;G&amp;T SERIES","protected":false},"author":1,"featured_media":32125,"parent":0,"menu_order":0,"comment_status":"closed","ping_status":"closed","template":"","meta":{"inline_featured_image":false,"_joinchat":[],"footnotes":""},"categories":[550],"tags":[3669,3668,3666,3670,3667],"class_list":["post-32308","page","type-page","status-publish","has-post-thumbnail","hentry","category-scania-kaporta","tag-3669","tag-2162650-cng","tag-2162650-kose-ruzgarlik-dis-kapak-sag-scania","tag-2162650-ruzgarlik","tag-2162650-scania"],"_links":{"self":[{"href":"https:\/\/cngoto.com.tr\/en\/wp-json\/wp\/v2\/pages\/32308","targetHints":{"allow":["GET"]}}],"collection":[{"href":"https:\/\/cngoto.com.tr\/en\/wp-json\/wp\/v2\/pages"}],"about":[{"href":"https:\/\/cngoto.com.tr\/en\/wp-json\/wp\/v2\/types\/page"}],"author":[{"embeddable":true,"href":"https:\/\/cngoto.com.tr\/en\/wp-json\/wp\/v2\/users\/1"}],"replies":[{"embeddable":true,"href":"https:\/\/cngoto.com.tr\/en\/wp-json\/wp\/v2\/comments?post=32308"}],"version-history":[{"count":1,"href":"https:\/\/cngoto.com.tr\/en\/wp-json\/wp\/v2\/pages\/32308\/revisions"}],"predecessor-version":[{"id":32310,"href":"https:\/\/cngoto.com.tr\/en\/wp-json\/wp\/v2\/pages\/32308\/revisions\/32310"}],"wp:featuredmedia":[{"embeddable":true,"href":"https:\/\/cngoto.com.tr\/en\/wp-json\/wp\/v2\/media\/32125"}],"wp:attachment":[{"href":"https:\/\/cngoto.com.tr\/en\/wp-json\/wp\/v2\/media?parent=32308"}],"wp:term":[{"taxonomy":"category","embeddable":true,"href":"https:\/\/cngoto.com.tr\/en\/wp-json\/wp\/v2\/categories?post=32308"},{"taxonomy":"post_tag","embeddable":true,"href":"https:\/\/cngoto.com.tr\/en\/wp-json\/wp\/v2\/tags?post=32308"}],"curies":[{"name":"wp","href":"https:\/\/api.w.org\/{rel}","templated":true}]}}