{"id":32257,"date":"2021-12-23T16:08:30","date_gmt":"2021-12-23T13:08:30","guid":{"rendered":"https:\/\/cngoto.com.tr\/?page_id=32257"},"modified":"2022-01-08T15:21:19","modified_gmt":"2022-01-08T12:21:19","slug":"2051403-1852113-kilometer-faucet-scania","status":"publish","type":"page","link":"https:\/\/cngoto.com.tr\/en\/2051403-1852113-kilometer-faucet-scania\/","title":{"rendered":"2051403-1852113 ODOMETER SENDER SCANIA"},"content":{"rendered":"<div class=\"wpb-content-wrapper\"><div class=\"vc_row wpb_row vc_row-fluid\"><div class=\"wpb_column vc_column_container vc_col-sm-4\"><div class=\"vc_column-inner\"><div class=\"wpb_wrapper\">\n\t<div  class=\"wpb_single_image wpb_content_element vc_align_left\">\n\t\t\n\t\t<figure class=\"wpb_wrapper vc_figure\">\n\t\t\t<a class=\"\" data-lightbox=\"lightbox[rel-32257-2548052101]\" href=\"https:\/\/cngoto.com.tr\/wp-content\/uploads\/2021\/12\/2051403-1852113.jpg-1000x867.jpg\" target=\"_self\"><img loading=\"lazy\" decoding=\"async\" width=\"1000\" height=\"1000\" src=\"https:\/\/cngoto.com.tr\/wp-content\/uploads\/2021\/12\/2051403-1852113.jpg.jpg\" class=\"vc_single_image-img attachment-full\" alt=\"2051403-1852113 ODOMETER SENDER SCANIA\" title=\"2051403-1852113 ODOMETER SENDER SCANIA\" srcset=\"https:\/\/cngoto.com.tr\/wp-content\/uploads\/2021\/12\/2051403-1852113.jpg.jpg 1000w, https:\/\/cngoto.com.tr\/wp-content\/uploads\/2021\/12\/2051403-1852113.jpg-430x430.jpg 430w, https:\/\/cngoto.com.tr\/wp-content\/uploads\/2021\/12\/2051403-1852113.jpg-150x150.jpg 150w, https:\/\/cngoto.com.tr\/wp-content\/uploads\/2021\/12\/2051403-1852113.jpg-700x700.jpg 700w, https:\/\/cngoto.com.tr\/wp-content\/uploads\/2021\/12\/2051403-1852113.jpg-768x768.jpg 768w, https:\/\/cngoto.com.tr\/wp-content\/uploads\/2021\/12\/2051403-1852113.jpg-720x720.jpg 720w, https:\/\/cngoto.com.tr\/wp-content\/uploads\/2021\/12\/2051403-1852113.jpg-200x200.jpg 200w\" sizes=\"auto, (max-width: 1000px) 100vw, 1000px\" \/><\/a>\n\t\t<\/figure>\n\t<\/div>\n<\/div><\/div><\/div><div class=\"wpb_column vc_column_container vc_col-sm-8\"><div class=\"vc_column-inner\"><div class=\"wpb_wrapper\">\n\t<div class=\"wpb_text_column wpb_content_element\" >\n\t\t<div class=\"wpb_wrapper\">\n\t\t\t<div class=\"responsive_table_container\">\n<p>&nbsp;<\/p>\n<table class=\"fortuna_table\" style=\"height: 90px;\" width=\"432\">\n<tbody>\n<tr>\n<th>CNG NO<\/th>\n<th>CNG<\/th>\n<\/tr>\n<tr>\n<td><strong>OEM<\/strong><\/td>\n<td>2051403-1852113<\/td>\n<\/tr>\n<tr>\n<td><strong>DEFINITION<\/strong><\/td>\n<td>ODOMETER SENDER<\/td>\n<\/tr>\n<tr>\n<td><strong>APPLICATION<\/strong><\/td>\n<td>P&amp;R&amp;G&amp;T SERIES<\/td>\n<\/tr>\n<\/tbody>\n<\/table>\n<\/div>\n\n\t\t<\/div>\n\t<\/div>\n<\/div><\/div><\/div><\/div><div class=\"vc_row wpb_row vc_row-fluid\"><div class=\"wpb_column vc_column_container vc_col-sm-12\"><div class=\"vc_column-inner\"><div class=\"wpb_wrapper\">\n\t<div class=\"wpb_text_column wpb_content_element\" >\n\t\t<div class=\"wpb_wrapper\">\n\t\t\t\n\t\t<\/div>\n\t<\/div>\n<\/div><\/div><\/div><\/div>\n<\/div>","protected":false},"excerpt":{"rendered":"&nbsp; CNG NO CNG OEM 2051403-1852113 TANIM K\u0130LOMETRE M\u00dc\u015e\u00dcR\u00dc UYGULAMA P&amp;R&amp;G&amp;T SERIES","protected":false},"author":1,"featured_media":32041,"parent":0,"menu_order":0,"comment_status":"closed","ping_status":"closed","template":"","meta":{"inline_featured_image":false,"_joinchat":[],"footnotes":""},"categories":[3088,2669],"tags":[3539,3541,3540,3543,3542,3538],"class_list":["post-32257","page","type-page","status-publish","has-post-thumbnail","hentry","category-scania-elektrik","category-scania-sanziman","tag-3539","tag-1852113-cng","tag-1852113-scania","tag-2051403-km-musuru","tag-2051403-scania","tag-2051403-1852113-kilometre-musuru-scania"],"_links":{"self":[{"href":"https:\/\/cngoto.com.tr\/en\/wp-json\/wp\/v2\/pages\/32257","targetHints":{"allow":["GET"]}}],"collection":[{"href":"https:\/\/cngoto.com.tr\/en\/wp-json\/wp\/v2\/pages"}],"about":[{"href":"https:\/\/cngoto.com.tr\/en\/wp-json\/wp\/v2\/types\/page"}],"author":[{"embeddable":true,"href":"https:\/\/cngoto.com.tr\/en\/wp-json\/wp\/v2\/users\/1"}],"replies":[{"embeddable":true,"href":"https:\/\/cngoto.com.tr\/en\/wp-json\/wp\/v2\/comments?post=32257"}],"version-history":[{"count":1,"href":"https:\/\/cngoto.com.tr\/en\/wp-json\/wp\/v2\/pages\/32257\/revisions"}],"predecessor-version":[{"id":32260,"href":"https:\/\/cngoto.com.tr\/en\/wp-json\/wp\/v2\/pages\/32257\/revisions\/32260"}],"wp:featuredmedia":[{"embeddable":true,"href":"https:\/\/cngoto.com.tr\/en\/wp-json\/wp\/v2\/media\/32041"}],"wp:attachment":[{"href":"https:\/\/cngoto.com.tr\/en\/wp-json\/wp\/v2\/media?parent=32257"}],"wp:term":[{"taxonomy":"category","embeddable":true,"href":"https:\/\/cngoto.com.tr\/en\/wp-json\/wp\/v2\/categories?post=32257"},{"taxonomy":"post_tag","embeddable":true,"href":"https:\/\/cngoto.com.tr\/en\/wp-json\/wp\/v2\/tags?post=32257"}],"curies":[{"name":"wp","href":"https:\/\/api.w.org\/{rel}","templated":true}]}}