{"id":32227,"date":"2021-12-22T17:27:44","date_gmt":"2021-12-22T14:27:44","guid":{"rendered":"https:\/\/cngoto.com.tr\/?page_id=32227"},"modified":"2022-01-08T12:44:34","modified_gmt":"2022-01-08T09:44:34","slug":"1788232-cabin-bushing-attachment-scania","status":"publish","type":"page","link":"https:\/\/cngoto.com.tr\/en\/1788232-cabin-bushing-attachment-scania\/","title":{"rendered":"1788232 CABIN BUSHING INSERT SCANIA"},"content":{"rendered":"<div class=\"wpb-content-wrapper\"><div class=\"vc_row wpb_row vc_row-fluid\"><div class=\"wpb_column vc_column_container vc_col-sm-4\"><div class=\"vc_column-inner\"><div class=\"wpb_wrapper\">\n\t<div  class=\"wpb_single_image wpb_content_element vc_align_left\">\n\t\t\n\t\t<figure class=\"wpb_wrapper vc_figure\">\n\t\t\t<a class=\"\" data-lightbox=\"lightbox[rel-32227-1644868730]\" href=\"https:\/\/cngoto.com.tr\/wp-content\/uploads\/2021\/12\/2031802-1000x867.jpg\" target=\"_self\"><img loading=\"lazy\" decoding=\"async\" width=\"1000\" height=\"1000\" src=\"https:\/\/cngoto.com.tr\/wp-content\/uploads\/2021\/12\/2031802.jpg\" class=\"vc_single_image-img attachment-full\" alt=\"1788232 CABIN BUSHING INSERT SCANIA\" title=\"1788232 CABIN BUSHING INSERT SCANIA\" srcset=\"https:\/\/cngoto.com.tr\/wp-content\/uploads\/2021\/12\/2031802.jpg 1000w, https:\/\/cngoto.com.tr\/wp-content\/uploads\/2021\/12\/2031802-430x430.jpg 430w, https:\/\/cngoto.com.tr\/wp-content\/uploads\/2021\/12\/2031802-150x150.jpg 150w, https:\/\/cngoto.com.tr\/wp-content\/uploads\/2021\/12\/2031802-700x700.jpg 700w, https:\/\/cngoto.com.tr\/wp-content\/uploads\/2021\/12\/2031802-768x768.jpg 768w, https:\/\/cngoto.com.tr\/wp-content\/uploads\/2021\/12\/2031802-720x720.jpg 720w, https:\/\/cngoto.com.tr\/wp-content\/uploads\/2021\/12\/2031802-200x200.jpg 200w\" sizes=\"auto, (max-width: 1000px) 100vw, 1000px\" \/><\/a>\n\t\t<\/figure>\n\t<\/div>\n<\/div><\/div><\/div><div class=\"wpb_column vc_column_container vc_col-sm-8\"><div class=\"vc_column-inner\"><div class=\"wpb_wrapper\">\n\t<div class=\"wpb_text_column wpb_content_element\" >\n\t\t<div class=\"wpb_wrapper\">\n\t\t\t<div class=\"responsive_table_container\">\n<p>&nbsp;<\/p>\n<table class=\"fortuna_table\" style=\"height: 90px;\" width=\"432\">\n<tbody>\n<tr>\n<th>CNG NO<\/th>\n<th>CNG<\/th>\n<\/tr>\n<tr>\n<td><strong>OEM<\/strong><\/td>\n<td>1788232<\/td>\n<\/tr>\n<tr>\n<td><strong>DEFINITION<\/strong><\/td>\n<td>CABIN BUSHING APPENDIX<\/td>\n<\/tr>\n<tr>\n<td><strong>APPLICATION<\/strong><\/td>\n<td>P&amp;R&amp;G&amp;T SERIES<\/td>\n<\/tr>\n<\/tbody>\n<\/table>\n<\/div>\n\n\t\t<\/div>\n\t<\/div>\n<\/div><\/div><\/div><\/div><div class=\"vc_row wpb_row vc_row-fluid\"><div class=\"wpb_column vc_column_container vc_col-sm-12\"><div class=\"vc_column-inner\"><div class=\"wpb_wrapper\">\n\t<div class=\"wpb_text_column wpb_content_element\" >\n\t\t<div class=\"wpb_wrapper\">\n\t\t\t\n\t\t<\/div>\n\t<\/div>\n<\/div><\/div><\/div><\/div>\n<\/div>","protected":false},"excerpt":{"rendered":"&nbsp; CNG NO CNG OEM 1788232 TANIM KAB\u0130N BUR\u00c7 EK\u0130 UYGULAMA P&amp;R&amp;G&amp;T SERIES","protected":false},"author":1,"featured_media":32026,"parent":0,"menu_order":0,"comment_status":"closed","ping_status":"closed","template":"","meta":{"inline_featured_image":false,"_joinchat":[],"footnotes":""},"categories":[550],"tags":[3518,3517,3515,3516],"class_list":["post-32227","page","type-page","status-publish","has-post-thumbnail","hentry","category-scania-kaporta","tag-1788232-burc","tag-1788232-cng","tag-1788232-kabin-burc-eki-scania","tag-1788232-scania"],"_links":{"self":[{"href":"https:\/\/cngoto.com.tr\/en\/wp-json\/wp\/v2\/pages\/32227","targetHints":{"allow":["GET"]}}],"collection":[{"href":"https:\/\/cngoto.com.tr\/en\/wp-json\/wp\/v2\/pages"}],"about":[{"href":"https:\/\/cngoto.com.tr\/en\/wp-json\/wp\/v2\/types\/page"}],"author":[{"embeddable":true,"href":"https:\/\/cngoto.com.tr\/en\/wp-json\/wp\/v2\/users\/1"}],"replies":[{"embeddable":true,"href":"https:\/\/cngoto.com.tr\/en\/wp-json\/wp\/v2\/comments?post=32227"}],"version-history":[{"count":1,"href":"https:\/\/cngoto.com.tr\/en\/wp-json\/wp\/v2\/pages\/32227\/revisions"}],"predecessor-version":[{"id":32244,"href":"https:\/\/cngoto.com.tr\/en\/wp-json\/wp\/v2\/pages\/32227\/revisions\/32244"}],"wp:featuredmedia":[{"embeddable":true,"href":"https:\/\/cngoto.com.tr\/en\/wp-json\/wp\/v2\/media\/32026"}],"wp:attachment":[{"href":"https:\/\/cngoto.com.tr\/en\/wp-json\/wp\/v2\/media?parent=32227"}],"wp:term":[{"taxonomy":"category","embeddable":true,"href":"https:\/\/cngoto.com.tr\/en\/wp-json\/wp\/v2\/categories?post=32227"},{"taxonomy":"post_tag","embeddable":true,"href":"https:\/\/cngoto.com.tr\/en\/wp-json\/wp\/v2\/tags?post=32227"}],"curies":[{"name":"wp","href":"https:\/\/api.w.org\/{rel}","templated":true}]}}