{"id":32219,"date":"2021-12-22T17:30:44","date_gmt":"2021-12-22T14:30:44","guid":{"rendered":"https:\/\/cngoto.com.tr\/?page_id=32219"},"modified":"2022-01-08T15:22:20","modified_gmt":"2022-01-08T12:22:20","slug":"2031803-cabin-bushing-attachment-scania","status":"publish","type":"page","link":"https:\/\/cngoto.com.tr\/en\/2031803-cabin-bushing-attachment-scania\/","title":{"rendered":"2031803 CABIN BUSHING INSERT SCANIA"},"content":{"rendered":"<div class=\"wpb-content-wrapper\"><div class=\"vc_row wpb_row vc_row-fluid\"><div class=\"wpb_column vc_column_container vc_col-sm-4\"><div class=\"vc_column-inner\"><div class=\"wpb_wrapper\">\n\t<div  class=\"wpb_single_image wpb_content_element vc_align_left\">\n\t\t\n\t\t<figure class=\"wpb_wrapper vc_figure\">\n\t\t\t<a class=\"\" data-lightbox=\"lightbox[rel-32219-148006445]\" href=\"https:\/\/cngoto.com.tr\/wp-content\/uploads\/2021\/12\/2031803-1000x867.jpg\" target=\"_self\"><img loading=\"lazy\" decoding=\"async\" width=\"1000\" height=\"1000\" src=\"https:\/\/cngoto.com.tr\/wp-content\/uploads\/2021\/12\/2031803.jpg\" class=\"vc_single_image-img attachment-full\" alt=\"2031803 CABIN BUSHING INSERT SCANIA\" title=\"2031803 CABIN BUSHING INSERT SCANIA\" srcset=\"https:\/\/cngoto.com.tr\/wp-content\/uploads\/2021\/12\/2031803.jpg 1000w, https:\/\/cngoto.com.tr\/wp-content\/uploads\/2021\/12\/2031803-430x430.jpg 430w, https:\/\/cngoto.com.tr\/wp-content\/uploads\/2021\/12\/2031803-150x150.jpg 150w, https:\/\/cngoto.com.tr\/wp-content\/uploads\/2021\/12\/2031803-700x700.jpg 700w, https:\/\/cngoto.com.tr\/wp-content\/uploads\/2021\/12\/2031803-768x768.jpg 768w, https:\/\/cngoto.com.tr\/wp-content\/uploads\/2021\/12\/2031803-720x720.jpg 720w, https:\/\/cngoto.com.tr\/wp-content\/uploads\/2021\/12\/2031803-200x200.jpg 200w\" sizes=\"auto, (max-width: 1000px) 100vw, 1000px\" \/><\/a>\n\t\t<\/figure>\n\t<\/div>\n<\/div><\/div><\/div><div class=\"wpb_column vc_column_container vc_col-sm-8\"><div class=\"vc_column-inner\"><div class=\"wpb_wrapper\">\n\t<div class=\"wpb_text_column wpb_content_element\" >\n\t\t<div class=\"wpb_wrapper\">\n\t\t\t<div class=\"responsive_table_container\">\n<p>&nbsp;<\/p>\n<table class=\"fortuna_table\" style=\"height: 90px;\" width=\"432\">\n<tbody>\n<tr>\n<th>CNG NO<\/th>\n<th>CNG<\/th>\n<\/tr>\n<tr>\n<td><strong>OEM<\/strong><\/td>\n<td>2031803<\/td>\n<\/tr>\n<tr>\n<td><strong>DEFINITION<\/strong><\/td>\n<td>CABIN BUSHING APPENDIX<\/td>\n<\/tr>\n<tr>\n<td><strong>APPLICATION<\/strong><\/td>\n<td>P&amp;R&amp;G&amp;T SERIES<\/td>\n<\/tr>\n<\/tbody>\n<\/table>\n<\/div>\n\n\t\t<\/div>\n\t<\/div>\n<\/div><\/div><\/div><\/div><div class=\"vc_row wpb_row vc_row-fluid\"><div class=\"wpb_column vc_column_container vc_col-sm-12\"><div class=\"vc_column-inner\"><div class=\"wpb_wrapper\">\n\t<div class=\"wpb_text_column wpb_content_element\" >\n\t\t<div class=\"wpb_wrapper\">\n\t\t\t\n\t\t<\/div>\n\t<\/div>\n<\/div><\/div><\/div><\/div>\n<\/div>","protected":false},"excerpt":{"rendered":"&nbsp; CNG NO CNG OEM 2031803 TANIM KAB\u0130N BUR\u00c7 EK\u0130 UYGULAMA P&amp;R&amp;G&amp;T SERIES","protected":false},"author":1,"featured_media":32029,"parent":0,"menu_order":0,"comment_status":"closed","ping_status":"closed","template":"","meta":{"inline_featured_image":false,"_joinchat":[],"footnotes":""},"categories":[550],"tags":[3521,3519,3520],"class_list":["post-32219","page","type-page","status-publish","has-post-thumbnail","hentry","category-scania-kaporta","tag-2031803-cng","tag-2031803-kabin-burc-eki-scania","tag-2031803-scania"],"_links":{"self":[{"href":"https:\/\/cngoto.com.tr\/en\/wp-json\/wp\/v2\/pages\/32219","targetHints":{"allow":["GET"]}}],"collection":[{"href":"https:\/\/cngoto.com.tr\/en\/wp-json\/wp\/v2\/pages"}],"about":[{"href":"https:\/\/cngoto.com.tr\/en\/wp-json\/wp\/v2\/types\/page"}],"author":[{"embeddable":true,"href":"https:\/\/cngoto.com.tr\/en\/wp-json\/wp\/v2\/users\/1"}],"replies":[{"embeddable":true,"href":"https:\/\/cngoto.com.tr\/en\/wp-json\/wp\/v2\/comments?post=32219"}],"version-history":[{"count":1,"href":"https:\/\/cngoto.com.tr\/en\/wp-json\/wp\/v2\/pages\/32219\/revisions"}],"predecessor-version":[{"id":32245,"href":"https:\/\/cngoto.com.tr\/en\/wp-json\/wp\/v2\/pages\/32219\/revisions\/32245"}],"wp:featuredmedia":[{"embeddable":true,"href":"https:\/\/cngoto.com.tr\/en\/wp-json\/wp\/v2\/media\/32029"}],"wp:attachment":[{"href":"https:\/\/cngoto.com.tr\/en\/wp-json\/wp\/v2\/media?parent=32219"}],"wp:term":[{"taxonomy":"category","embeddable":true,"href":"https:\/\/cngoto.com.tr\/en\/wp-json\/wp\/v2\/categories?post=32219"},{"taxonomy":"post_tag","embeddable":true,"href":"https:\/\/cngoto.com.tr\/en\/wp-json\/wp\/v2\/tags?post=32219"}],"curies":[{"name":"wp","href":"https:\/\/api.w.org\/{rel}","templated":true}]}}