{"id":31830,"date":"2021-12-01T15:25:02","date_gmt":"2021-12-01T12:25:02","guid":{"rendered":"https:\/\/cngoto.com.tr\/?page_id=31830"},"modified":"2021-12-13T16:15:07","modified_gmt":"2021-12-13T13:15:07","slug":"2409491-cabin-bracket-sag-scania","status":"publish","type":"page","link":"https:\/\/cngoto.com.tr\/en\/2409491-cabin-bracket-sag-scania\/","title":{"rendered":"2409491 CABIN BRACKET RIGHT SCANIA"},"content":{"rendered":"<div class=\"wpb-content-wrapper\"><div class=\"vc_row wpb_row vc_row-fluid\"><div class=\"wpb_column vc_column_container vc_col-sm-4\"><div class=\"vc_column-inner\"><div class=\"wpb_wrapper\">\n\t<div  class=\"wpb_single_image wpb_content_element vc_align_left\">\n\t\t\n\t\t<figure class=\"wpb_wrapper vc_figure\">\n\t\t\t<a class=\"\" data-lightbox=\"lightbox[rel-31830-2337995692]\" href=\"https:\/\/cngoto.com.tr\/wp-content\/uploads\/2021\/11\/2409491-1300x867.jpg\" target=\"_self\"><img loading=\"lazy\" decoding=\"async\" width=\"1322\" height=\"1323\" src=\"https:\/\/cngoto.com.tr\/wp-content\/uploads\/2021\/11\/2409491.jpg\" class=\"vc_single_image-img attachment-full\" alt=\"2409491 CABIN BRACKET RIGHT SCANIA\" title=\"2409491 CABIN BRACKET RIGHT SCANIA\" srcset=\"https:\/\/cngoto.com.tr\/wp-content\/uploads\/2021\/11\/2409491.jpg 1322w, https:\/\/cngoto.com.tr\/wp-content\/uploads\/2021\/11\/2409491-430x430.jpg 430w, https:\/\/cngoto.com.tr\/wp-content\/uploads\/2021\/11\/2409491-150x150.jpg 150w, https:\/\/cngoto.com.tr\/wp-content\/uploads\/2021\/11\/2409491-700x701.jpg 700w, https:\/\/cngoto.com.tr\/wp-content\/uploads\/2021\/11\/2409491-768x769.jpg 768w, https:\/\/cngoto.com.tr\/wp-content\/uploads\/2021\/11\/2409491-719x720.jpg 719w, https:\/\/cngoto.com.tr\/wp-content\/uploads\/2021\/11\/2409491-200x200.jpg 200w\" sizes=\"auto, (max-width: 1322px) 100vw, 1322px\" \/><\/a>\n\t\t<\/figure>\n\t<\/div>\n<\/div><\/div><\/div><div class=\"wpb_column vc_column_container vc_col-sm-8\"><div class=\"vc_column-inner\"><div class=\"wpb_wrapper\">\n\t<div class=\"wpb_text_column wpb_content_element\" >\n\t\t<div class=\"wpb_wrapper\">\n\t\t\t<div class=\"responsive_table_container\">\n<p>&nbsp;<\/p>\n<table class=\"fortuna_table\" style=\"height: 90px;\" width=\"432\">\n<tbody>\n<tr>\n<th>CNG NO<\/th>\n<th>CNG<\/th>\n<\/tr>\n<tr>\n<td><strong>OEM<\/strong><\/td>\n<td>2409491<\/td>\n<\/tr>\n<tr>\n<td><strong>DEFINITION<\/strong><\/td>\n<td>CABIN BRACKET RIGHT<\/td>\n<\/tr>\n<tr>\n<td><strong>APPLICATION<\/strong><\/td>\n<td>P&amp;R&amp;G&amp;T SERIES<\/td>\n<\/tr>\n<\/tbody>\n<\/table>\n<\/div>\n\n\t\t<\/div>\n\t<\/div>\n<\/div><\/div><\/div><\/div><div class=\"vc_row wpb_row vc_row-fluid\"><div class=\"wpb_column vc_column_container vc_col-sm-12\"><div class=\"vc_column-inner\"><div class=\"wpb_wrapper\">\n\t<div class=\"wpb_text_column wpb_content_element\" >\n\t\t<div class=\"wpb_wrapper\">\n\t\t\t\n\t\t<\/div>\n\t<\/div>\n<\/div><\/div><\/div><\/div>\n<\/div>","protected":false},"excerpt":{"rendered":"&nbsp; CNG NO CNG OEM 2409491 TANIM KAB\u0130N BRAKET\u0130 SA\u011e UYGULAMA P&amp;R&amp;G&amp;T SERIES","protected":false},"author":1,"featured_media":31719,"parent":0,"menu_order":0,"comment_status":"closed","ping_status":"closed","template":"","meta":{"inline_featured_image":false,"_joinchat":[],"footnotes":""},"categories":[3088,550],"tags":[3237,3239,3241,3238,3240],"class_list":["post-31830","page","type-page","status-publish","has-post-thumbnail","hentry","category-scania-elektrik","category-scania-kaporta","tag-3237","tag-2409491-braket","tag-2409491-sag-braket","tag-2409491-scania","tag-24099491-kabin-braketi"],"_links":{"self":[{"href":"https:\/\/cngoto.com.tr\/en\/wp-json\/wp\/v2\/pages\/31830","targetHints":{"allow":["GET"]}}],"collection":[{"href":"https:\/\/cngoto.com.tr\/en\/wp-json\/wp\/v2\/pages"}],"about":[{"href":"https:\/\/cngoto.com.tr\/en\/wp-json\/wp\/v2\/types\/page"}],"author":[{"embeddable":true,"href":"https:\/\/cngoto.com.tr\/en\/wp-json\/wp\/v2\/users\/1"}],"replies":[{"embeddable":true,"href":"https:\/\/cngoto.com.tr\/en\/wp-json\/wp\/v2\/comments?post=31830"}],"version-history":[{"count":1,"href":"https:\/\/cngoto.com.tr\/en\/wp-json\/wp\/v2\/pages\/31830\/revisions"}],"predecessor-version":[{"id":31839,"href":"https:\/\/cngoto.com.tr\/en\/wp-json\/wp\/v2\/pages\/31830\/revisions\/31839"}],"wp:featuredmedia":[{"embeddable":true,"href":"https:\/\/cngoto.com.tr\/en\/wp-json\/wp\/v2\/media\/31719"}],"wp:attachment":[{"href":"https:\/\/cngoto.com.tr\/en\/wp-json\/wp\/v2\/media?parent=31830"}],"wp:term":[{"taxonomy":"category","embeddable":true,"href":"https:\/\/cngoto.com.tr\/en\/wp-json\/wp\/v2\/categories?post=31830"},{"taxonomy":"post_tag","embeddable":true,"href":"https:\/\/cngoto.com.tr\/en\/wp-json\/wp\/v2\/tags?post=31830"}],"curies":[{"name":"wp","href":"https:\/\/api.w.org\/{rel}","templated":true}]}}