{"id":27631,"date":"2018-03-21T15:00:56","date_gmt":"2018-03-21T12:00:56","guid":{"rendered":"https:\/\/cngoto.com.tr\/?page_id=27631"},"modified":"2018-05-14T09:13:20","modified_gmt":"2018-05-14T06:13:20","slug":"0683338-1-recirculation-repair-kit-75cf-euro2","status":"publish","type":"page","link":"https:\/\/cngoto.com.tr\/en\/daf\/cooling-parts\/0683338-1-recirculation-repair-kit-75cf-euro2\/","title":{"rendered":"0683338-1 RECIRCULATOR REPAIR KIT 75CF EURO2"},"content":{"rendered":"<div class=\"wpb-content-wrapper\"><div class=\"vc_row wpb_row vc_row-fluid\"><div class=\"wpb_column vc_column_container vc_col-sm-4\"><div class=\"vc_column-inner\"><div class=\"wpb_wrapper\">\n\t<div  class=\"wpb_single_image wpb_content_element vc_align_left\">\n\t\t\n\t\t<figure class=\"wpb_wrapper vc_figure\">\n\t\t\t<a class=\"\" data-lightbox=\"lightbox[rel-27631-882959407]\" href=\"https:\/\/cngoto.com.tr\/wp-content\/uploads\/2018\/03\/0683338-1-DEV\u0130RDA\u0130M-TAM\u0130R-TAKIMI-75CF-EURO2-kopya.jpg\" target=\"_self\"><img loading=\"lazy\" decoding=\"async\" width=\"520\" height=\"507\" src=\"https:\/\/cngoto.com.tr\/wp-content\/uploads\/2018\/03\/0683338-1-DEV\u0130RDA\u0130M-TAM\u0130R-TAKIMI-75CF-EURO2-kopya.jpg\" class=\"vc_single_image-img attachment-full\" alt=\"0683338-1 CIRCULATION REPAIR KIT 75CF EURO2 ,Daf spare parts,daf parts,daf spare parts,daf parts,Volvo spare parts,Volvo spare parts,Scania spare parts,scania spare parts,scania spare,parts store,scania parts store,truck spare parts,truck spare parts,truck parts store,scania turkey,scania parts turkey,scania spare parts Istanbul,scania spare parts ikitelli\" title=\"0683338-1 RECIRCULATOR REPAIR KIT 75CF EURO2\" srcset=\"https:\/\/cngoto.com.tr\/wp-content\/uploads\/2018\/03\/0683338-1-DEV\u0130RDA\u0130M-TAM\u0130R-TAKIMI-75CF-EURO2-kopya.jpg 520w, https:\/\/cngoto.com.tr\/wp-content\/uploads\/2018\/03\/0683338-1-DEV\u0130RDA\u0130M-TAM\u0130R-TAKIMI-75CF-EURO2-kopya-430x419.jpg 430w, https:\/\/cngoto.com.tr\/wp-content\/uploads\/2018\/03\/0683338-1-DEV\u0130RDA\u0130M-TAM\u0130R-TAKIMI-75CF-EURO2-kopya-150x146.jpg 150w, https:\/\/cngoto.com.tr\/wp-content\/uploads\/2018\/03\/0683338-1-DEV\u0130RDA\u0130M-TAM\u0130R-TAKIMI-75CF-EURO2-kopya-300x293.jpg 300w\" sizes=\"auto, (max-width: 520px) 100vw, 520px\" \/><\/a>\n\t\t<\/figure>\n\t<\/div>\n<\/div><\/div><\/div><div class=\"wpb_column vc_column_container vc_col-sm-8\"><div class=\"vc_column-inner\"><div class=\"wpb_wrapper\">\n\t<div class=\"wpb_text_column wpb_content_element\" >\n\t\t<div class=\"wpb_wrapper\">\n\t\t\t<div class=\"responsive_table_container\">\n<p>&nbsp;<\/p>\n<table class=\"fortuna_table\" style=\"height: 90px;\" width=\"432\">\n<tbody>\n<tr>\n<th style=\"text-align: left;\">CNG NO<\/th>\n<th>...........................<\/th>\n<\/tr>\n<tr>\n<td><strong>OEM<\/strong><\/td>\n<td>0683338-1<\/td>\n<\/tr>\n<tr>\n<td><strong>DEFINITION<\/strong><\/td>\n<td>RECIRCULATION REPAIR KIT<\/td>\n<\/tr>\n<tr>\n<td><strong>APPLICATION<\/strong><\/td>\n<td>75CF EURO2<\/td>\n<\/tr>\n<\/tbody>\n<\/table>\n<\/div>\n\n\t\t<\/div>\n\t<\/div>\n<\/div><\/div><\/div><\/div><div class=\"vc_row wpb_row vc_row-fluid\"><div class=\"wpb_column vc_column_container vc_col-sm-12\"><div class=\"vc_column-inner\"><div class=\"wpb_wrapper\">[boc_text_box title=\u201d0683338-1 REVOLUTION REPAIR KIT 75CF EURO2 \u201c]<\/p>\n<h1>0683338-1 CIRCULATION REPAIR KIT 75CF EURO2 The product with reference number is offered to you with the best quality and best price policy. The product reaches you after passing the necessary tests and procedures.<\/h1>\n<h2>Our company, which actively supports its customers at home and abroad, offers the best product range and quality for you.<\/h2>\n<p>SPECIAL CAMPAIGNS FOR YOU IN COOLING GROUP PRODUCTS, PLEASE CONTACT US FOR YOUR DAF SPARE PARTS NEEDS<\/p>\n<h3>With our knowledge, experience and young dynamics, we respond to the spare parts needs of DAF - SCANIA - VOLVO tractor groups. In addition to engine, transmission, bodywork, air parts, filter parts in truck groups, we provide engine revision parts in generator and marine groups.<br \/>\nBased in Istanbul; we provide services in the country and internationally with original and many brands.<br \/>\nWe offer to choose the one that is suitable for you by diversifying in accordance with the top quality and standards of domestic and foreign products.<br \/>\nWith years of experience, we strive to respond to your problems accurately, completely and in the fastest way possible.<br \/>\nWe aim for your satisfaction by revising the products and supply understanding in the most appropriate way and at the most affordable prices.<\/h3>\n<h4>CNG Auto Spare Parts' understanding of supply is based on a very serious understanding of operation regardless of quantity and price amount.<\/h4>\n<h5>One of our basic strategies is to reflect a sales and after-sales service quality that is defined with the same value for each customer and whose satisfaction understanding is aimed at continuity.<\/h5>\n<h6>We are aware that we are responsible for providing you with the most comprehensive ability to respond to the maximum interest and problems in order to eliminate your problems and malfunctions in the shortest time possible by offering you the best understanding of technology, institutionalism and traditionalism together.<\/h6>\n<p>CNG Auto Spare Parts determines its position and strategies with the aim of acceleration that aims forward and does not depart from this direction.<\/p>\n<p>By adapting its momentum to the automotive sector, which develops in parallel with technology, it strives to determine a service understanding that offers change together with development without compromising its innovative approach.<\/p>\n<p>On top of the most valuable elements such as trust and customer satisfaction; it aims for a well-equipped future ideal whose dynamics are directed in the right direction with the right price and fast service advantages.<\/p>\n<p>You can contact us from the contact section for all your problems and questions. It is our most important task to solve your problems as soon as possible and with the best techniques.[\/boc_text_box]<\/div><\/div><\/div><\/div>\n<\/div>","protected":false},"excerpt":{"rendered":"&nbsp; CNG NO ........................... OEM 0683338-1 TANIM DEV\u0130RDA\u0130M TAM\u0130R TAKIMI UYGULAMA 75CF EURO2 [boc_text_box title=\"0683338-1 DEV\u0130RDA\u0130M TAM\u0130R TAKIMI 75CF EURO2","protected":false},"author":1,"featured_media":27600,"parent":27589,"menu_order":0,"comment_status":"closed","ping_status":"closed","template":"","meta":{"inline_featured_image":false,"_joinchat":[],"footnotes":""},"categories":[2505],"tags":[2508,2507,2506,2575,2576,2574,398,399,396,2536,26,132,63,87,85,107,88,91,81,99,100,82,83,2757,77,101,102,121,127,131,128,134,140,141,130,126,135,125,129,2759,2509,79,80,90,28,96,514,2561,2265,694,27,693,2758,532,570,2760,692,531,554,746,745,31,513,307,304,354,355,824,30,397],"class_list":["post-27631","page","type-page","status-publish","has-post-thumbnail","hentry","category-sogutma","tag-2508","tag-2507","tag-0682968-0682258-devirdaim-f95-f85","tag-0683338-1","tag-0683338-1-devirdaim-tamir-takimi","tag-0683338-1-devirdaim-tamir-takimi-75cf-euro2","tag-398","tag-1290191-daf","tag-1290191-tampon","tag-75cf","tag-cng-oto","tag-cng-turkey","tag-daf","tag-daf-cikma-parca","tag-daf-cng","tag-daf-cng-ikitelli","tag-daf-ikitelli","tag-daf-istanbul","tag-daf-kabin","tag-daf-kampanya","tag-daf-kamyon","tag-daf-kaporta","tag-daf-kaporta-parcasi","tag-daf-orjinal-kaliteli-yedek-parca-istanbul","tag-daf-parca","tag-daf-parcaci","tag-daf-parcacisi","tag-daf-parcasi","tag-daf-part","tag-daf-part-turkey","tag-daf-parts","tag-daf-parts-istanbul","tag-daf-parts-manufacturer","tag-daf-parts-manufacturers","tag-daf-parts-turkey","tag-daf-spare-part","tag-daf-spare-part-istanbul","tag-daf-spare-parts","tag-daf-spare-parts-turkey","tag-daf-spare-parts-turkey-istanbul","tag-daf-su-pompasi","tag-daf-tir-parca","tag-daf-tir-parcasi","tag-daf-turkey","tag-daf-yedek-parca","tag-daf-yedek-parca-istanbul","tag-daf-yedek-parcasi","tag-devirdaim-tamir-takimi","tag-euro2","tag-kamyon-parcaci","tag-kamyon-yedek-parca","tag-parcaci","tag-scania-orjinal-yedek-parca-istanbul-turkiye","tag-scania-parcaci","tag-scania-parts-turkey","tag-scania-parts-turkey-istanbul","tag-scania-spare","tag-scania-spare-parts","tag-scania-turkey","tag-scania-yedek-parca-ikitelli","tag-scania-yedek-parca-istanbul","tag-tir-yedek-parca","tag-tir-yedek-parcasi","tag-truck-parts","tag-truck-parts-turkey","tag-truck-spare-parts","tag-truck-spare-parts-turkey","tag-volvo-spare-parts","tag-volvo-yedek-parca","tag-xf95"],"_links":{"self":[{"href":"https:\/\/cngoto.com.tr\/en\/wp-json\/wp\/v2\/pages\/27631","targetHints":{"allow":["GET"]}}],"collection":[{"href":"https:\/\/cngoto.com.tr\/en\/wp-json\/wp\/v2\/pages"}],"about":[{"href":"https:\/\/cngoto.com.tr\/en\/wp-json\/wp\/v2\/types\/page"}],"author":[{"embeddable":true,"href":"https:\/\/cngoto.com.tr\/en\/wp-json\/wp\/v2\/users\/1"}],"replies":[{"embeddable":true,"href":"https:\/\/cngoto.com.tr\/en\/wp-json\/wp\/v2\/comments?post=27631"}],"version-history":[{"count":2,"href":"https:\/\/cngoto.com.tr\/en\/wp-json\/wp\/v2\/pages\/27631\/revisions"}],"predecessor-version":[{"id":27655,"href":"https:\/\/cngoto.com.tr\/en\/wp-json\/wp\/v2\/pages\/27631\/revisions\/27655"}],"up":[{"embeddable":true,"href":"https:\/\/cngoto.com.tr\/en\/wp-json\/wp\/v2\/pages\/27589"}],"wp:featuredmedia":[{"embeddable":true,"href":"https:\/\/cngoto.com.tr\/en\/wp-json\/wp\/v2\/media\/27600"}],"wp:attachment":[{"href":"https:\/\/cngoto.com.tr\/en\/wp-json\/wp\/v2\/media?parent=27631"}],"wp:term":[{"taxonomy":"category","embeddable":true,"href":"https:\/\/cngoto.com.tr\/en\/wp-json\/wp\/v2\/categories?post=27631"},{"taxonomy":"post_tag","embeddable":true,"href":"https:\/\/cngoto.com.tr\/en\/wp-json\/wp\/v2\/tags?post=27631"}],"curies":[{"name":"wp","href":"https:\/\/api.w.org\/{rel}","templated":true}]}}