{"id":26647,"date":"2018-03-06T14:18:18","date_gmt":"2018-03-06T11:18:18","guid":{"rendered":"https:\/\/cngoto.com.tr\/?page_id=26647"},"modified":"2018-03-06T14:19:42","modified_gmt":"2018-03-06T11:19:42","slug":"1371754-upper-louver-lower-grille-4seri-p-cab","status":"publish","type":"page","link":"https:\/\/cngoto.com.tr\/en\/scania\/bodywork\/1371754-upper-louver-lower-grille-4seri-p-cab\/","title":{"rendered":"1371754 UPPER LOUVER LOWER GRILLE 4 SERIES P CAB"},"content":{"rendered":"<div class=\"wpb-content-wrapper\"><div class=\"vc_row wpb_row vc_row-fluid\"><div class=\"wpb_column vc_column_container vc_col-sm-4\"><div class=\"vc_column-inner\"><div class=\"wpb_wrapper\">\n\t<div  class=\"wpb_single_image wpb_content_element vc_align_left\">\n\t\t\n\t\t<figure class=\"wpb_wrapper vc_figure\">\n\t\t\t<a class=\"\" data-lightbox=\"lightbox[rel-26647-3185156981]\" href=\"https:\/\/cngoto.com.tr\/wp-content\/uploads\/2018\/02\/1371754-\u00dcST-PANJUR-ALT-IZGARA-4SER\u0130-P-CAB.jpg\" target=\"_self\"><img loading=\"lazy\" decoding=\"async\" width=\"640\" height=\"640\" src=\"https:\/\/cngoto.com.tr\/wp-content\/uploads\/2018\/02\/1371754-\u00dcST-PANJUR-ALT-IZGARA-4SER\u0130-P-CAB.jpg\" class=\"vc_single_image-img attachment-full\" alt=\"1371754 TOP SHUTTER BOTTOM GRILL 4SERIES P CAB,Scania spare parts,scania spare parts,parts store,scania parts,scania parts turkey,scania cabin parts,scania bodywork,bodywork\" title=\"1371754 UPPER LOUVER LOWER GRILLE 4 SERIES P CAB\" srcset=\"https:\/\/cngoto.com.tr\/wp-content\/uploads\/2018\/02\/1371754-\u00dcST-PANJUR-ALT-IZGARA-4SER\u0130-P-CAB.jpg 640w, https:\/\/cngoto.com.tr\/wp-content\/uploads\/2018\/02\/1371754-\u00dcST-PANJUR-ALT-IZGARA-4SER\u0130-P-CAB-430x430.jpg 430w, https:\/\/cngoto.com.tr\/wp-content\/uploads\/2018\/02\/1371754-\u00dcST-PANJUR-ALT-IZGARA-4SER\u0130-P-CAB-150x150.jpg 150w, https:\/\/cngoto.com.tr\/wp-content\/uploads\/2018\/02\/1371754-\u00dcST-PANJUR-ALT-IZGARA-4SER\u0130-P-CAB-300x300.jpg 300w\" sizes=\"auto, (max-width: 640px) 100vw, 640px\" \/><\/a>\n\t\t<\/figure>\n\t<\/div>\n<\/div><\/div><\/div><div class=\"wpb_column vc_column_container vc_col-sm-8\"><div class=\"vc_column-inner\"><div class=\"wpb_wrapper\">\n\t<div class=\"wpb_text_column wpb_content_element\" >\n\t\t<div class=\"wpb_wrapper\">\n\t\t\t<div class=\"responsive_table_container\">\n<table class=\"fortuna_table\" style=\"height: 90px;\" width=\"432\">\n<tbody>\n<tr>\n<th style=\"text-align: left;\">CNG NO<\/th>\n<th>...........................<\/th>\n<\/tr>\n<tr>\n<td><strong>OEM<\/strong><\/td>\n<td>1371754<\/td>\n<\/tr>\n<tr>\n<td><strong>DEFINITION<\/strong><\/td>\n<td>TOP LOUVER BOTTOM GRILLE<\/td>\n<\/tr>\n<tr>\n<td><strong>APPLICATION<\/strong><\/td>\n<td>4SERIAL P CAB<\/td>\n<\/tr>\n<\/tbody>\n<\/table>\n<\/div>\n\n\t\t<\/div>\n\t<\/div>\n<\/div><\/div><\/div><\/div><div class=\"vc_row wpb_row vc_row-fluid\"><div class=\"wpb_column vc_column_container vc_col-sm-12\"><div class=\"vc_column-inner\"><div class=\"wpb_wrapper\">[boc_text_box title=&#8221;1371754 \u00dcST PANJUR ALT IZGARA 4SER\u0130 P CAB&#8221;]<\/p>\n<h1>1371754 \u00dcST PANJUR ALT IZGARA 4SER\u0130 P CAB Referans numaral\u0131 \u00fcr\u00fcn sizler i\u00e7in en iyi kalite ve en iyi fiyat politikas\u0131 ile sunulur. \u00dcr\u00fcn gerekli test ve i\u015flemlerden ge\u00e7tikten sonra size ula\u015fmaktad\u0131r.<\/h1>\n<h2>Our company, which actively supports its customers at home and abroad, offers the best product range and quality for you.<\/h2>\n<h3>With our knowledge, experience and young dynamics, we respond to the spare parts needs of DAF - SCANIA - VOLVO tractor groups. In addition to engine, transmission, bodywork, air parts, filter parts in truck groups, we provide engine revision parts in generator and marine groups.<br \/>\nBased in Istanbul; we provide services in the country and internationally with original and many brands.<br \/>\nWe offer to choose the one that is suitable for you by diversifying in accordance with the top quality and standards of domestic and foreign products.<br \/>\nWith years of experience, we strive to respond to your problems accurately, completely and in the fastest way possible.<br \/>\nWe aim for your satisfaction by revising the products and supply understanding in the most appropriate way and at the most affordable prices.<\/h3>\n<h4>CNG Auto Spare Parts' understanding of supply is based on a very serious understanding of operation regardless of quantity and price amount.<\/h4>\n<h5>One of our basic strategies is to reflect a sales and after-sales service quality that is defined with the same value for each customer and whose satisfaction understanding is aimed at continuity.<\/h5>\n<h6>We are aware that we are responsible for providing you with the most comprehensive ability to respond to the maximum interest and problems in order to eliminate your problems and malfunctions in the shortest time possible by offering you the best understanding of technology, institutionalism and traditionalism together.<\/h6>\n<p>CNG Auto Spare Parts determines its position and strategies with the aim of acceleration that aims forward and does not depart from this direction.<\/p>\n<p>By adapting its momentum to the automotive sector, which develops in parallel with technology, it strives to determine a service understanding that offers change together with development without compromising its innovative approach.<\/p>\n<p>On top of the most valuable elements such as trust and customer satisfaction; it aims for a well-equipped future ideal whose dynamics are directed in the right direction with the right price and fast service advantages.<\/p>\n<p>You can contact us from the contact section for all your problems and questions. It is our most important task to solve your problems as soon as possible and with the best techniques.[\/boc_text_box]<\/div><\/div><\/div><\/div>\n<\/div>","protected":false},"excerpt":{"rendered":"CNG NO ........................... OEM 1371754 TANIM \u00dcST PANJUR ALT IZGARA UYGULAMA 4SER\u0130 P CAB [boc_text_box title=\"1371754 \u00dcST PANJUR ALT IZGARA","protected":false},"author":1,"featured_media":26520,"parent":25212,"menu_order":0,"comment_status":"closed","ping_status":"closed","template":"","meta":{"inline_featured_image":false,"_joinchat":[],"footnotes":""},"categories":[550],"tags":[1047,1046,1049,1706,1708,1705,1707,908,1048,1050,574,576,77,128,125,28,694,27,64,693,530,1626,575,539,578,573,552,535,571,532,536,537,621,570,692,531,569,568,554,572,577,567,29,746,745,620,566,565,518,31,619,354,355,847,824,30],"class_list":["post-26647","page","type-page","status-publish","has-post-thumbnail","hentry","category-scania-kaporta","tag-1047","tag-1357599-arka-teker-camurluk-sol-arka","tag-1357599-scania","tag-1706","tag-1371754-ust-panjur-alt-izgara","tag-1371754-ust-panjur-alt-izgara-4seri-p-cab","tag-4seri-p-cab","tag-6-5-4-seri","tag-arka-teker-camurluk-sol-arka","tag-arka-teker-camurluk-sol-arka-scania","tag-cng-motorlu-araclar","tag-cng-scania","tag-daf-parca","tag-daf-parts","tag-daf-spare-parts","tag-daf-yedek-parca","tag-kamyon-parcaci","tag-kamyon-yedek-parca","tag-kaporta","tag-parcaci","tag-scania","tag-scania-cabin-parts","tag-scania-cng","tag-scania-kaporta","tag-scania-motor-malzemesi","tag-scania-orjinal-parca","tag-scania-parca","tag-scania-parca-ikitelli","tag-scania-parca-istanbul","tag-scania-parcaci","tag-scania-part","tag-scania-parts","tag-scania-parts-istanbul","tag-scania-parts-turkey","tag-scania-spare","tag-scania-spare-parts","tag-scania-spare-parts-istanbul","tag-scania-spare-parts-turkey","tag-scania-turkey","tag-scania-ucuz-parca","tag-scania-uygun-fiyat","tag-scania-yedek","tag-scania-yedek-parca","tag-scania-yedek-parca-ikitelli","tag-scania-yedek-parca-istanbul","tag-scania-truck-parts-scania-truck-spare-parts","tag-skania","tag-skanya","tag-tir-parca","tag-tir-yedek-parca","tag-truck-spare-par","tag-truck-spare-parts","tag-truck-spare-parts-turkey","tag-ust-panjur-alt-izgara","tag-volvo-spare-parts","tag-volvo-yedek-parca"],"_links":{"self":[{"href":"https:\/\/cngoto.com.tr\/en\/wp-json\/wp\/v2\/pages\/26647","targetHints":{"allow":["GET"]}}],"collection":[{"href":"https:\/\/cngoto.com.tr\/en\/wp-json\/wp\/v2\/pages"}],"about":[{"href":"https:\/\/cngoto.com.tr\/en\/wp-json\/wp\/v2\/types\/page"}],"author":[{"embeddable":true,"href":"https:\/\/cngoto.com.tr\/en\/wp-json\/wp\/v2\/users\/1"}],"replies":[{"embeddable":true,"href":"https:\/\/cngoto.com.tr\/en\/wp-json\/wp\/v2\/comments?post=26647"}],"version-history":[{"count":2,"href":"https:\/\/cngoto.com.tr\/en\/wp-json\/wp\/v2\/pages\/26647\/revisions"}],"predecessor-version":[{"id":26649,"href":"https:\/\/cngoto.com.tr\/en\/wp-json\/wp\/v2\/pages\/26647\/revisions\/26649"}],"up":[{"embeddable":true,"href":"https:\/\/cngoto.com.tr\/en\/wp-json\/wp\/v2\/pages\/25212"}],"wp:featuredmedia":[{"embeddable":true,"href":"https:\/\/cngoto.com.tr\/en\/wp-json\/wp\/v2\/media\/26520"}],"wp:attachment":[{"href":"https:\/\/cngoto.com.tr\/en\/wp-json\/wp\/v2\/media?parent=26647"}],"wp:term":[{"taxonomy":"category","embeddable":true,"href":"https:\/\/cngoto.com.tr\/en\/wp-json\/wp\/v2\/categories?post=26647"},{"taxonomy":"post_tag","embeddable":true,"href":"https:\/\/cngoto.com.tr\/en\/wp-json\/wp\/v2\/tags?post=26647"}],"curies":[{"name":"wp","href":"https:\/\/api.w.org\/{rel}","templated":true}]}}