{"id":25548,"date":"2017-10-05T10:27:20","date_gmt":"2017-10-05T07:27:20","guid":{"rendered":"https:\/\/cngoto.com.tr\/?page_id=25548"},"modified":"2017-10-14T21:51:09","modified_gmt":"2017-10-14T18:51:09","slug":"1383858-windshield-rubber-6-5-4-series-scania-spare-parts","status":"publish","type":"page","link":"https:\/\/cngoto.com.tr\/en\/scania\/bodywork\/1383858-windshield-rubber-6-5-4-series-scania-spare-parts\/","title":{"rendered":"1383858 FENDER TIRE; 6-5-4 SERIES , SCANIA SPARE PARTS"},"content":{"rendered":"<div class=\"wpb-content-wrapper\"><div class=\"vc_row wpb_row vc_row-fluid\"><div class=\"wpb_column vc_column_container vc_col-sm-4\"><div class=\"vc_column-inner\"><div class=\"wpb_wrapper\">\n\t<div  class=\"wpb_single_image wpb_content_element vc_align_left\">\n\t\t\n\t\t<figure class=\"wpb_wrapper vc_figure\">\n\t\t\t<a class=\"\" data-lightbox=\"lightbox[rel-25548-539701173]\" href=\"https:\/\/cngoto.com.tr\/wp-content\/uploads\/2017\/09\/1383858-\u00c7AMURLUK-LAST\u0130\u011e\u0130-6-5-4-SER\u0130-kopya.jpg\" target=\"_self\"><img loading=\"lazy\" decoding=\"async\" width=\"360\" height=\"360\" src=\"https:\/\/cngoto.com.tr\/wp-content\/uploads\/2017\/09\/1383858-\u00c7AMURLUK-LAST\u0130\u011e\u0130-6-5-4-SER\u0130-kopya.jpg\" class=\"vc_single_image-img attachment-full\" alt=\"1383858 MUDDER TYRE; 6-5-4 SERIES , 1383858 SCANIA; SCANIA SPARE PARTS; SCANIA PARTS; scania parts ; scania parts ; scania spare parts\" title=\"1383858 Mudguard TIRE; 6-5-4 SERIES copy\" srcset=\"https:\/\/cngoto.com.tr\/wp-content\/uploads\/2017\/09\/1383858-\u00c7AMURLUK-LAST\u0130\u011e\u0130-6-5-4-SER\u0130-kopya.jpg 360w, https:\/\/cngoto.com.tr\/wp-content\/uploads\/2017\/09\/1383858-\u00c7AMURLUK-LAST\u0130\u011e\u0130-6-5-4-SER\u0130-kopya-150x150.jpg 150w, https:\/\/cngoto.com.tr\/wp-content\/uploads\/2017\/09\/1383858-\u00c7AMURLUK-LAST\u0130\u011e\u0130-6-5-4-SER\u0130-kopya-300x300.jpg 300w\" sizes=\"auto, (max-width: 360px) 100vw, 360px\" \/><\/a>\n\t\t<\/figure>\n\t<\/div>\n<\/div><\/div><\/div><div class=\"wpb_column vc_column_container vc_col-sm-8\"><div class=\"vc_column-inner\"><div class=\"wpb_wrapper\">\n\t<div class=\"wpb_text_column wpb_content_element\" >\n\t\t<div class=\"wpb_wrapper\">\n\t\t\t<div class=\"responsive_table_container\">\n<p>FENDER TIREGENERAL MODEL<\/p>\n<table class=\"fortuna_table\" style=\"height: 90px;\" width=\"432\">\n<tbody>\n<tr>\n<th style=\"text-align: left;\">CNG NO<\/th>\n<th>...........................<\/th>\n<\/tr>\n<tr>\n<td><strong>OEM<\/strong><\/td>\n<td>\u00a01383858<\/td>\n<\/tr>\n<tr>\n<td><strong>DEFINITION<\/strong><\/td>\n<td><\/td>\n<\/tr>\n<tr>\n<td><strong>APPLICATION<\/strong><\/td>\n<td><\/td>\n<\/tr>\n<\/tbody>\n<\/table>\n<\/div>\n\n\t\t<\/div>\n\t<\/div>\n<\/div><\/div><\/div><\/div><div class=\"vc_row wpb_row vc_row-fluid\"><div class=\"wpb_column vc_column_container vc_col-sm-12\"><div class=\"vc_column-inner\"><div class=\"wpb_wrapper\">[boc_text_box]<\/p>\n<h1>1383858 Mudguard TIRE; The product with reference number 6-5-4 is offered to you with the best quality and best price policy. The product reaches you after passing the necessary tests and procedures.<\/h1>\n<h2>Our company, which actively supports its customers at home and abroad, offers the best product range and quality for you.<\/h2>\n<h3>With our knowledge, experience and young dynamics, we respond to the spare parts needs of DAF - SCANIA - VOLVO tractor groups. In addition to engine, transmission, bodywork, air parts, filter parts in truck groups, we provide engine revision parts in generator and marine groups.<br \/>\nBased in Istanbul; we provide services in the country and internationally with original and many brands.<br \/>\nWe offer to choose the one that is suitable for you by diversifying in accordance with the top quality and standards of domestic and foreign products.<br \/>\nWith years of experience, we strive to respond to your problems accurately, completely and in the fastest way possible.<br \/>\nWe aim for your satisfaction by revising the products and supply understanding in the most appropriate way and at the most affordable prices.<\/h3>\n<h5>CNG Auto Spare Parts' understanding of supply is based on a very serious understanding of operation regardless of quantity and price amount.<\/h5>\n<h5>One of our basic strategies is to reflect a sales and after-sales service quality that is defined with the same value for each customer and whose satisfaction understanding is aimed at continuity.<\/h5>\n<p>We are aware that we are responsible for providing you with the most comprehensive ability to respond to the maximum interest and problems in order to eliminate your problems and malfunctions in the shortest time possible by offering you the best understanding of technology, institutionalism and traditionalism together.<\/p>\n<h6>CNG Auto Spare Parts determines its position and strategies with the aim of acceleration that aims forward and does not depart from this direction.<\/h6>\n<p>By adapting its momentum to the automotive sector, which develops in parallel with technology, it strives to determine a service understanding that offers change together with development without compromising its innovative approach.<\/p>\n<p>On top of the most valuable elements such as trust and customer satisfaction; it aims for a well-equipped future ideal whose dynamics are directed in the right direction with the right price and fast service advantages.<\/p>\n<p>You can contact us from the contact section for all your problems and questions. It is our most important task to solve your problems as soon as possible and with the best techniques.<\/p>\n<p>[\/boc_text_box]<\/div><\/div><\/div><\/div>\n<\/div>","protected":false},"excerpt":{"rendered":"\u00c7AMURLUK LAST\u0130\u011e\u0130GENEL MODEL CNG NO ........................... OEM \u00a01383858 TANIM UYGULAMA [boc_text_box] 1383858 \u00c7AMURLUK LAST\u0130\u011e\u0130; 6-5-4 Referans numaral\u0131 \u00fcr\u00fcn sizler i\u00e7in","protected":false},"author":1,"featured_media":25376,"parent":25212,"menu_order":0,"comment_status":"closed","ping_status":"closed","template":"","meta":{"inline_featured_image":false,"_joinchat":[],"footnotes":""},"categories":[550],"tags":[638,637,639,574,576,27,530,575,539,578,573,552,535,571,532,536,640,537,621,570,531,569,568,572,577,567,29,620,566,565,518,31,619,354,355],"class_list":["post-25548","page","type-page","status-publish","has-post-thumbnail","hentry","category-scania-kaporta","tag-638","tag-1383858-camurluk-lastigi","tag-1383858-scania","tag-cng-motorlu-araclar","tag-cng-scania","tag-kamyon-yedek-parca","tag-scania","tag-scania-cng","tag-scania-kaporta","tag-scania-motor-malzemesi","tag-scania-orjinal-parca","tag-scania-parca","tag-scania-parca-ikitelli","tag-scania-parca-istanbul","tag-scania-parcaci","tag-scania-part","tag-scania-part-seller","tag-scania-parts","tag-scania-parts-istanbul","tag-scania-parts-turkey","tag-scania-spare-parts","tag-scania-spare-parts-istanbul","tag-scania-spare-parts-turkey","tag-scania-ucuz-parca","tag-scania-uygun-fiyat","tag-scania-yedek","tag-scania-yedek-parca","tag-scania-truck-parts-scania-truck-spare-parts","tag-skania","tag-skanya","tag-tir-parca","tag-tir-yedek-parca","tag-truck-spare-par","tag-truck-spare-parts","tag-truck-spare-parts-turkey"],"_links":{"self":[{"href":"https:\/\/cngoto.com.tr\/en\/wp-json\/wp\/v2\/pages\/25548","targetHints":{"allow":["GET"]}}],"collection":[{"href":"https:\/\/cngoto.com.tr\/en\/wp-json\/wp\/v2\/pages"}],"about":[{"href":"https:\/\/cngoto.com.tr\/en\/wp-json\/wp\/v2\/types\/page"}],"author":[{"embeddable":true,"href":"https:\/\/cngoto.com.tr\/en\/wp-json\/wp\/v2\/users\/1"}],"replies":[{"embeddable":true,"href":"https:\/\/cngoto.com.tr\/en\/wp-json\/wp\/v2\/comments?post=25548"}],"version-history":[{"count":6,"href":"https:\/\/cngoto.com.tr\/en\/wp-json\/wp\/v2\/pages\/25548\/revisions"}],"predecessor-version":[{"id":25664,"href":"https:\/\/cngoto.com.tr\/en\/wp-json\/wp\/v2\/pages\/25548\/revisions\/25664"}],"up":[{"embeddable":true,"href":"https:\/\/cngoto.com.tr\/en\/wp-json\/wp\/v2\/pages\/25212"}],"wp:featuredmedia":[{"embeddable":true,"href":"https:\/\/cngoto.com.tr\/en\/wp-json\/wp\/v2\/media\/25376"}],"wp:attachment":[{"href":"https:\/\/cngoto.com.tr\/en\/wp-json\/wp\/v2\/media?parent=25548"}],"wp:term":[{"taxonomy":"category","embeddable":true,"href":"https:\/\/cngoto.com.tr\/en\/wp-json\/wp\/v2\/categories?post=25548"},{"taxonomy":"post_tag","embeddable":true,"href":"https:\/\/cngoto.com.tr\/en\/wp-json\/wp\/v2\/tags?post=25548"}],"curies":[{"name":"wp","href":"https:\/\/api.w.org\/{rel}","templated":true}]}}