{"id":25066,"date":"2017-04-11T11:18:30","date_gmt":"2017-04-11T08:18:30","guid":{"rendered":"https:\/\/cngoto.com.tr\/?page_id=25066"},"modified":"2017-04-11T11:18:30","modified_gmt":"2017-04-11T08:18:30","slug":"1689348-daf-mirror-large","status":"publish","type":"page","link":"https:\/\/cngoto.com.tr\/en\/daf\/bodywork\/1689348-daf-mirror-large\/","title":{"rendered":"1689348 DAF MIRROR LARGE"},"content":{"rendered":"<div class=\"wpb-content-wrapper\"><div class=\"vc_row wpb_row vc_row-fluid\"><div class=\"wpb_column vc_column_container vc_col-sm-4\"><div class=\"vc_column-inner\"><div class=\"wpb_wrapper\">\n\t<div  class=\"wpb_single_image wpb_content_element vc_align_left\">\n\t\t\n\t\t<figure class=\"wpb_wrapper vc_figure\">\n\t\t\t<a class=\"\" data-lightbox=\"lightbox[rel-25066-1438507834]\" href=\"https:\/\/cngoto.com.tr\/wp-content\/uploads\/2017\/04\/1689348-b\u00fcy\u00fck-ayna-xf105-daf-yedek-par\u00e7a-daf-spare-parts-kopya.jpg\" target=\"_self\"><img loading=\"lazy\" decoding=\"async\" width=\"1000\" height=\"1000\" src=\"https:\/\/cngoto.com.tr\/wp-content\/uploads\/2017\/04\/1689348-b\u00fcy\u00fck-ayna-xf105-daf-yedek-par\u00e7a-daf-spare-parts-kopya.jpg\" class=\"vc_single_image-img attachment-full\" alt=\"1689348 large mirror, DAF PARTS, DAF PARTS TURKEY, DAF MIRROR\" title=\"1689348 big mirror xf105 ; daf spare parts ; daf spare parts ; copy\" srcset=\"https:\/\/cngoto.com.tr\/wp-content\/uploads\/2017\/04\/1689348-b\u00fcy\u00fck-ayna-xf105-daf-yedek-par\u00e7a-daf-spare-parts-kopya.jpg 1000w, https:\/\/cngoto.com.tr\/wp-content\/uploads\/2017\/04\/1689348-b\u00fcy\u00fck-ayna-xf105-daf-yedek-par\u00e7a-daf-spare-parts-kopya-430x430.jpg 430w, https:\/\/cngoto.com.tr\/wp-content\/uploads\/2017\/04\/1689348-b\u00fcy\u00fck-ayna-xf105-daf-yedek-par\u00e7a-daf-spare-parts-kopya-150x150.jpg 150w, https:\/\/cngoto.com.tr\/wp-content\/uploads\/2017\/04\/1689348-b\u00fcy\u00fck-ayna-xf105-daf-yedek-par\u00e7a-daf-spare-parts-kopya-700x700.jpg 700w, https:\/\/cngoto.com.tr\/wp-content\/uploads\/2017\/04\/1689348-b\u00fcy\u00fck-ayna-xf105-daf-yedek-par\u00e7a-daf-spare-parts-kopya-300x300.jpg 300w, https:\/\/cngoto.com.tr\/wp-content\/uploads\/2017\/04\/1689348-b\u00fcy\u00fck-ayna-xf105-daf-yedek-par\u00e7a-daf-spare-parts-kopya-768x768.jpg 768w\" sizes=\"auto, (max-width: 1000px) 100vw, 1000px\" \/><\/a>\n\t\t<\/figure>\n\t<\/div>\n<\/div><\/div><\/div><div class=\"wpb_column vc_column_container vc_col-sm-8\"><div class=\"vc_column-inner\"><div class=\"wpb_wrapper\">\n\t<div class=\"wpb_text_column wpb_content_element\" >\n\t\t<div class=\"wpb_wrapper\">\n\t\t\t<div class=\"responsive_table_container\">\n<table class=\"fortuna_table\" style=\"height: 90px;\" width=\"432\">\n<tbody>\n<tr>\n<th style=\"text-align: left;\">CNG NO<\/th>\n<th>...........................<\/th>\n<\/tr>\n<tr>\n<td><strong>OEM<\/strong><\/td>\n<td>\u00a01689348<\/td>\n<\/tr>\n<tr>\n<td><strong>DEFINITION<\/strong><\/td>\n<td>\u00a0BIG MIRROR<\/td>\n<\/tr>\n<tr>\n<td><strong>APPLICATION<\/strong><\/td>\n<td>\u00a0XF105 \/XF95 \/CF85IV<\/td>\n<\/tr>\n<\/tbody>\n<\/table>\n<\/div>\n\n\t\t<\/div>\n\t<\/div>\n<\/div><\/div><\/div><\/div>\n<\/div>","protected":false},"excerpt":{"rendered":"CNG NO ........................... OEM \u00a01689348 TANIM \u00a0B\u00dcY\u00dcK AYNA UYGULAMA \u00a0XF105 \/XF95 \/CF85IV","protected":false},"author":1,"featured_media":24889,"parent":24383,"menu_order":0,"comment_status":"closed","ping_status":"closed","template":"","meta":{"inline_featured_image":false,"_joinchat":[],"footnotes":""},"categories":[198],"tags":[385,384,386,65,26,132,63,87,85,107,88,91,81,99,100,82,83,77,101,102,121,127,131,128,134,140,141,130,126,135,125,129,79,80,90,28,96,307,304,354,355],"class_list":["post-25066","page","type-page","status-publish","has-post-thumbnail","hentry","category-kaporta","tag-385","tag-1689348-buyuk-ayna","tag-1689348-daf","tag-cng","tag-cng-oto","tag-cng-turkey","tag-daf","tag-daf-cikma-parca","tag-daf-cng","tag-daf-cng-ikitelli","tag-daf-ikitelli","tag-daf-istanbul","tag-daf-kabin","tag-daf-kampanya","tag-daf-kamyon","tag-daf-kaporta","tag-daf-kaporta-parcasi","tag-daf-parca","tag-daf-parcaci","tag-daf-parcacisi","tag-daf-parcasi","tag-daf-part","tag-daf-part-turkey","tag-daf-parts","tag-daf-parts-istanbul","tag-daf-parts-manufacturer","tag-daf-parts-manufacturers","tag-daf-parts-turkey","tag-daf-spare-part","tag-daf-spare-part-istanbul","tag-daf-spare-parts","tag-daf-spare-parts-turkey","tag-daf-tir-parca","tag-daf-tir-parcasi","tag-daf-turkey","tag-daf-yedek-parca","tag-daf-yedek-parca-istanbul","tag-truck-parts","tag-truck-parts-turkey","tag-truck-spare-parts","tag-truck-spare-parts-turkey"],"_links":{"self":[{"href":"https:\/\/cngoto.com.tr\/en\/wp-json\/wp\/v2\/pages\/25066","targetHints":{"allow":["GET"]}}],"collection":[{"href":"https:\/\/cngoto.com.tr\/en\/wp-json\/wp\/v2\/pages"}],"about":[{"href":"https:\/\/cngoto.com.tr\/en\/wp-json\/wp\/v2\/types\/page"}],"author":[{"embeddable":true,"href":"https:\/\/cngoto.com.tr\/en\/wp-json\/wp\/v2\/users\/1"}],"replies":[{"embeddable":true,"href":"https:\/\/cngoto.com.tr\/en\/wp-json\/wp\/v2\/comments?post=25066"}],"version-history":[{"count":1,"href":"https:\/\/cngoto.com.tr\/en\/wp-json\/wp\/v2\/pages\/25066\/revisions"}],"predecessor-version":[{"id":25072,"href":"https:\/\/cngoto.com.tr\/en\/wp-json\/wp\/v2\/pages\/25066\/revisions\/25072"}],"up":[{"embeddable":true,"href":"https:\/\/cngoto.com.tr\/en\/wp-json\/wp\/v2\/pages\/24383"}],"wp:featuredmedia":[{"embeddable":true,"href":"https:\/\/cngoto.com.tr\/en\/wp-json\/wp\/v2\/media\/24889"}],"wp:attachment":[{"href":"https:\/\/cngoto.com.tr\/en\/wp-json\/wp\/v2\/media?parent=25066"}],"wp:term":[{"taxonomy":"category","embeddable":true,"href":"https:\/\/cngoto.com.tr\/en\/wp-json\/wp\/v2\/categories?post=25066"},{"taxonomy":"post_tag","embeddable":true,"href":"https:\/\/cngoto.com.tr\/en\/wp-json\/wp\/v2\/tags?post=25066"}],"curies":[{"name":"wp","href":"https:\/\/api.w.org\/{rel}","templated":true}]}}