{"id":24943,"date":"2017-04-03T10:09:40","date_gmt":"2017-04-03T07:09:40","guid":{"rendered":"https:\/\/cngoto.com.tr\/?page_id=24943"},"modified":"2017-04-03T10:10:15","modified_gmt":"2017-04-03T07:10:15","slug":"1667521-daf-travez-foot-rh","status":"publish","type":"page","link":"https:\/\/cngoto.com.tr\/en\/daf\/bodywork\/1667521-daf-travez-foot-rh\/","title":{"rendered":"1667521 DAF TRAVEZ FOOT RH"},"content":{"rendered":"<div class=\"wpb-content-wrapper\"><div class=\"vc_row wpb_row vc_row-fluid\"><div class=\"wpb_column vc_column_container vc_col-sm-4\"><div class=\"vc_column-inner\"><div class=\"wpb_wrapper\">\n\t<div  class=\"wpb_single_image wpb_content_element vc_align_left\">\n\t\t\n\t\t<figure class=\"wpb_wrapper vc_figure\">\n\t\t\t<a class=\"\" data-lightbox=\"lightbox[rel-24943-1548660667]\" href=\"https:\/\/cngoto.com.tr\/wp-content\/uploads\/2017\/03\/1667520-daf-travez-aya\u011f\u0131-sol.jpg\" target=\"_self\"><img loading=\"lazy\" decoding=\"async\" width=\"150\" height=\"150\" src=\"https:\/\/cngoto.com.tr\/wp-content\/uploads\/2017\/03\/1667520-daf-travez-aya\u011f\u0131-sol-150x150.jpg\" class=\"vc_single_image-img attachment-thumbnail\" alt=\"1667521 daf travez leg left DAF SPARE PAUL DAF \u0130K\u0130TELL\u0130 DAF TURKEY DAF TURKEY DAF PARTS DAF VOLVO SCANIA\" title=\"1667521 daf travez foot left\" srcset=\"https:\/\/cngoto.com.tr\/wp-content\/uploads\/2017\/03\/1667520-daf-travez-aya\u011f\u0131-sol-150x150.jpg 150w, https:\/\/cngoto.com.tr\/wp-content\/uploads\/2017\/03\/1667520-daf-travez-aya\u011f\u0131-sol-300x300.jpg 300w, https:\/\/cngoto.com.tr\/wp-content\/uploads\/2017\/03\/1667520-daf-travez-aya\u011f\u0131-sol.jpg 380w\" sizes=\"auto, (max-width: 150px) 100vw, 150px\" \/><\/a>\n\t\t<\/figure>\n\t<\/div>\n<\/div><\/div><\/div><div class=\"wpb_column vc_column_container vc_col-sm-8\"><div class=\"vc_column-inner\"><div class=\"wpb_wrapper\">\n\t<div class=\"wpb_text_column wpb_content_element\" >\n\t\t<div class=\"wpb_wrapper\">\n\t\t\t<div class=\"responsive_table_container\">\n<table class=\"fortuna_table\" style=\"height: 90px;\" width=\"432\">\n<tbody>\n<tr>\n<th style=\"text-align: left;\">CNG NO<\/th>\n<th>...........................<\/th>\n<\/tr>\n<tr>\n<td><strong>OEM<\/strong><\/td>\n<td>1667521<\/td>\n<\/tr>\n<tr>\n<td><strong>DEFINITION<\/strong><\/td>\n<td>BUMPER TOE RH<\/td>\n<\/tr>\n<tr>\n<td><strong>APPLICATION<\/strong><\/td>\n<td>\u00a0XF105<\/td>\n<\/tr>\n<\/tbody>\n<\/table>\n<\/div>\n\n\t\t<\/div>\n\t<\/div>\n<\/div><\/div><\/div><\/div>\n<\/div>","protected":false},"excerpt":{"rendered":"CNG NO ........................... OEM 1667521 TANIM TAMPON AYA\u011eI RH UYGULAMA \u00a0XF105","protected":false},"author":1,"featured_media":24698,"parent":24383,"menu_order":0,"comment_status":"closed","ping_status":"closed","template":"","meta":{"inline_featured_image":false,"_joinchat":[],"footnotes":""},"categories":[198],"tags":[208,209,210,26,132,63,94,111,110,105,93,92,87,85,107,112,103,106,143,88,124,98,91,133,81,113,99,100,104,82,83,95,120,137,138,77,101,102,122,121,127,139,131,128,134,140,141,130,142,126,135,125,136,129,123,79,80,90,89,109,28,96,119,97,108,78,86,115,168,167,166],"class_list":["post-24943","page","type-page","status-publish","has-post-thumbnail","hentry","category-kaporta","tag-208","tag-1667521-daf","tag-1667521-daf-spare-parts","tag-cng-oto","tag-cng-turkey","tag-daf","tag-daf-ankara","tag-daf-arslan","tag-daf-aslan","tag-daf-ayna","tag-daf-basaksehir","tag-daf-catalca","tag-daf-cikma-parca","tag-daf-cng","tag-daf-cng-ikitelli","tag-daf-emir","tag-daf-far","tag-daf-fiber","tag-daf-high-quality-sapre-parts","tag-daf-ikitelli","tag-daf-imalatci","tag-daf-indirim","tag-daf-istanbul","tag-daf-istanbul-dafpart-istanbul","tag-daf-kabin","tag-daf-kaliteli-parca","tag-daf-kampanya","tag-daf-kamyon","tag-daf-kapi","tag-daf-kaporta","tag-daf-kaporta-parcasi","tag-daf-kayseri","tag-daf-konya","tag-daf-manufacturer","tag-daf-manufacturers","tag-daf-parca","tag-daf-parcaci","tag-daf-parcacisi","tag-daf-parcalari","tag-daf-parcasi","tag-daf-part","tag-daf-part-manufacturer","tag-daf-part-turkey","tag-daf-parts","tag-daf-parts-istanbul","tag-daf-parts-manufacturer","tag-daf-parts-manufacturers","tag-daf-parts-turkey","tag-daf-quality-part","tag-daf-spare-part","tag-daf-spare-part-istanbul","tag-daf-spare-parts","tag-daf-spare-parts-istanbul-daf-spare-part-turkey","tag-daf-spare-parts-turkey","tag-daf-tedarikci","tag-daf-tir-parca","tag-daf-tir-parcasi","tag-daf-turkey","tag-daf-turkiye","tag-daf-yardim","tag-daf-yedek-parca","tag-daf-yedek-parca-istanbul","tag-daf-yedek-parca-konya","tag-daf-yedek-parca-ucuz","tag-daf-yedek-daf-servis","tag-daf-yedk-parca","tag-dafkaporta-aksami","tag-far-daf","tag-168","tag-167","tag-166"],"_links":{"self":[{"href":"https:\/\/cngoto.com.tr\/en\/wp-json\/wp\/v2\/pages\/24943","targetHints":{"allow":["GET"]}}],"collection":[{"href":"https:\/\/cngoto.com.tr\/en\/wp-json\/wp\/v2\/pages"}],"about":[{"href":"https:\/\/cngoto.com.tr\/en\/wp-json\/wp\/v2\/types\/page"}],"author":[{"embeddable":true,"href":"https:\/\/cngoto.com.tr\/en\/wp-json\/wp\/v2\/users\/1"}],"replies":[{"embeddable":true,"href":"https:\/\/cngoto.com.tr\/en\/wp-json\/wp\/v2\/comments?post=24943"}],"version-history":[{"count":2,"href":"https:\/\/cngoto.com.tr\/en\/wp-json\/wp\/v2\/pages\/24943\/revisions"}],"predecessor-version":[{"id":24945,"href":"https:\/\/cngoto.com.tr\/en\/wp-json\/wp\/v2\/pages\/24943\/revisions\/24945"}],"up":[{"embeddable":true,"href":"https:\/\/cngoto.com.tr\/en\/wp-json\/wp\/v2\/pages\/24383"}],"wp:featuredmedia":[{"embeddable":true,"href":"https:\/\/cngoto.com.tr\/en\/wp-json\/wp\/v2\/media\/24698"}],"wp:attachment":[{"href":"https:\/\/cngoto.com.tr\/en\/wp-json\/wp\/v2\/media?parent=24943"}],"wp:term":[{"taxonomy":"category","embeddable":true,"href":"https:\/\/cngoto.com.tr\/en\/wp-json\/wp\/v2\/categories?post=24943"},{"taxonomy":"post_tag","embeddable":true,"href":"https:\/\/cngoto.com.tr\/en\/wp-json\/wp\/v2\/tags?post=24943"}],"curies":[{"name":"wp","href":"https:\/\/api.w.org\/{rel}","templated":true}]}}