{"id":23980,"date":"2015-05-12T11:59:33","date_gmt":"2015-05-12T11:59:33","guid":{"rendered":"https:\/\/cngoto.com.tr\/en\/iletisim\/"},"modified":"2025-11-08T18:55:00","modified_gmt":"2025-11-08T15:55:00","slug":"contact","status":"publish","type":"page","link":"https:\/\/cngoto.com.tr\/en\/contact\/","title":{"rendered":"Contact"},"content":{"rendered":"<div class=\"wpb-content-wrapper\"><div class=\"vc_row wpb_row vc_row-fluid vc_custom_1488022893745\"><div class=\"wpb_column vc_column_container vc_col-sm-8 vc_col-has-fill\"><div class=\"vc_column-inner vc_custom_1433757069623\"><div class=\"wpb_wrapper\">[ut_c7_shortcode form_id=\u201d22429\u2033]<\/div><\/div><\/div><div class=\"wpb_column no_side_padding_in_responsive_column vc_column_container vc_col-sm-4\"><div class=\"vc_column-inner vc_custom_1433757075183\"><div class=\"wpb_wrapper\"><div class=\"wpb_gmaps_widget wpb_content_element\"><div class=\"wpb_wrapper\"><div class=\"wpb_map_wraper\"><iframe src=\"https:\/\/www.google.com\/maps\/embed?pb=!1m14!1m8!1m3!1d12031.235194245948!2d28.806708!3d41.0731719!3m2!1i1024!2i768!4f13.1!3m3!1m2!1s0x0%3A0x28041f79b55a5ef1!2sCNG!5e0!3m2!1str!2str!4v1614527583280!5m2!1str!2str\" width=\"600\" height=\"450\" style=\"border:0;\" allowfullscreen=\"\" loading=\"lazy\"><\/iframe><\/div><\/div><\/div>\n\t<div class=\"wpb_text_column wpb_content_element\" >\n\t\t<div class=\"wpb_wrapper\">\n\t\t\t<h4>Contact Information<\/h4>\n<p><strong>Address:<\/strong> Ikitelli O.S.B. Dolapdere San. Sit. 11. Ada No:36-38 Ba\u015fak\u015fehir \/ Istanbul Turkey<\/p>\n<p><strong>Phone:<\/strong> +90 212 671 33 52<\/p>\n<p><strong>Phone:<\/strong>+90 212 671 33 53<\/p>\n<p><strong>Phone:<\/strong>+90 212 671 33 54<\/p>\n<p><strong>Fax:<\/strong> +90 212 671 33 76<\/p>\n<p><strong>E-Mail:<\/strong> info@cngoto.com.tr<\/p>\n\n\t\t<\/div>\n\t<\/div>\n<\/div><\/div><\/div><\/div>\n<\/div>","protected":false},"excerpt":{"rendered":"[ut_c7_shortcode form_id=\"22429\"] \u0130leti\u015fim Bilgileri Adres: \u0130kitelli O.S.B. Dolapdere San. Sit. 11. Ada No:36-38 Ba\u015fak\u015fehir \/ \u0130stanbul T\u00fcrkiye Telefon: +90 212","protected":false},"author":8,"featured_media":0,"parent":0,"menu_order":0,"comment_status":"closed","ping_status":"closed","template":"","meta":{"inline_featured_image":false,"_joinchat":[],"footnotes":""},"categories":[],"tags":[],"class_list":["post-23980","page","type-page","status-publish","hentry"],"_links":{"self":[{"href":"https:\/\/cngoto.com.tr\/en\/wp-json\/wp\/v2\/pages\/23980","targetHints":{"allow":["GET"]}}],"collection":[{"href":"https:\/\/cngoto.com.tr\/en\/wp-json\/wp\/v2\/pages"}],"about":[{"href":"https:\/\/cngoto.com.tr\/en\/wp-json\/wp\/v2\/types\/page"}],"author":[{"embeddable":true,"href":"https:\/\/cngoto.com.tr\/en\/wp-json\/wp\/v2\/users\/8"}],"replies":[{"embeddable":true,"href":"https:\/\/cngoto.com.tr\/en\/wp-json\/wp\/v2\/comments?post=23980"}],"version-history":[{"count":4,"href":"https:\/\/cngoto.com.tr\/en\/wp-json\/wp\/v2\/pages\/23980\/revisions"}],"predecessor-version":[{"id":31303,"href":"https:\/\/cngoto.com.tr\/en\/wp-json\/wp\/v2\/pages\/23980\/revisions\/31303"}],"wp:attachment":[{"href":"https:\/\/cngoto.com.tr\/en\/wp-json\/wp\/v2\/media?parent=23980"}],"wp:term":[{"taxonomy":"category","embeddable":true,"href":"https:\/\/cngoto.com.tr\/en\/wp-json\/wp\/v2\/categories?post=23980"},{"taxonomy":"post_tag","embeddable":true,"href":"https:\/\/cngoto.com.tr\/en\/wp-json\/wp\/v2\/tags?post=23980"}],"curies":[{"name":"wp","href":"https:\/\/api.w.org\/{rel}","templated":true}]}}